{"id":6,"date":"2020-06-04T08:45:09","date_gmt":"2020-06-04T07:45:09","guid":{"rendered":"http:\/\/sw-themes.com\/porto_dummy\/business-consulting2\/?page_id=6"},"modified":"2025-05-14T10:10:23","modified_gmt":"2025-05-14T09:10:23","slug":"about-us-2","status":"publish","type":"page","link":"https:\/\/www.butgeologie.tn\/fr\/about-us-2\/","title":{"rendered":"A propos"},"content":{"rendered":"<div class=\"wpb-content-wrapper\"><p>[vc_row wrap_container=\u00a0\u00bbyes\u00a0\u00bb el_class=\u00a0\u00bbpy-5&Prime;][vc_column][vc_custom_heading text=\u00a0\u00bb<strong>BUT GEOLOGIE<\/strong> est une entreprise de conseil implant\u00e9e en Tunisie, sp\u00e9cialis\u00e9e en ing\u00e9nierie pluridisciplinaire, elle est class\u00e9e selon le Minist\u00e8re de l\u2019\u00e9quipement tunisien, en cat\u00e9gorie B5, Agr\u00e9ment N\u00b0 0236 et elle est inscrite \u00e0 L&rsquo;Ordre des Ing\u00e9nieurs Tunisien sous le N\u00b0 21497 15043 0236.\u00a0\u00bb font_container=\u00a0\u00bbtag:p|text_align:left\u00a0\u00bb use_theme_fonts=\u00a0\u00bbyes\u00a0\u00bb][vc_row_inner][vc_column_inner offset=\u00a0\u00bbvc_col-md-6&Prime;][vc_custom_heading text=\u00a0\u00bbFort de son potentiel en g\u00e9ologie, BUT G\u00e9ologie met \u00e0 vos services des professionnels qualifi\u00e9s dans les diff\u00e9rentes disciplines des Sciences de la Terre et de l&rsquo;Environnement. Elle vous propose des prestations sp\u00e9cialement dans le domaine des mines et des carri\u00e8res, avec une consid\u00e9ration importante des probl\u00e9matiques environnementales.\u00a0\u00bb font_container=\u00a0\u00bbtag:p|text_align:left\u00a0\u00bb use_theme_fonts=\u00a0\u00bbyes\u00a0\u00bb]<style>#porto-info-list7470571736a0593aa969a5 i { color: #3baa35;font-size: 17px; }<\/style><ul id=\"porto-info-list7470571736a0593aa969a5\" class=\"porto-info-list mb-4 pb-2 font-weight-bold\"><li class=\"porto-info-list-item\"><i class=\"porto-info-icon fas fa-check\"><\/i><div class=\"porto-info-list-item-desc\"><span style=\"font-size: 17px;\">Une exp\u00e9rience nationale confirm\u00e9e.<\/span><\/div><\/li><li class=\"porto-info-list-item\"><i class=\"porto-info-icon fas fa-check\"><\/i><div class=\"porto-info-list-item-desc\"><span style=\"font-size: 17px;\">Un savoir faire affirm\u00e9 \u00e0 l&rsquo;international.<\/span><\/div><\/li><li class=\"porto-info-list-item\"><i class=\"porto-info-icon fas fa-check\"><\/i><div class=\"porto-info-list-item-desc\"><span style=\"font-size: 17px;\">Une expertise multidisciplinaire reconnue.<\/span><\/div><\/li><\/ul><div class=\"porto-animation d-flex align-items-center justify-content-start mb-4\"  data-appear-animation=\"fadeIn\" data-appear-animation-delay=\"700\">[vc_pie value=\u00a0\u00bb100&Prime; label_value=\u00a0\u00bb1000&Prime; size=\u00a0\u00bb175&Prime; speed=\u00a0\u00bb2500&Prime; line=\u00a0\u00bb14&Prime; el_class=\u00a0\u00bbmb-1&Prime; value_porto_typography=\u00a0\u00bb{\u00ab\u00a0family\u00ab\u00a0:\u00ab\u00a0Default\u00ab\u00a0,\u00ab\u00a0variant\u00ab\u00a0:\u00ab\u00a0800\u00ab\u00a0,\u00ab\u00a0font_size\u00ab\u00a0:\u00ab\u00a024\u00ab\u00a0,\u00ab\u00a0line_height\u00ab\u00a0:\u00ab\u00a0\u00ab\u00a0,\u00ab\u00a0letter_spacing\u00ab\u00a0:\u00ab\u00a0\u00ab\u00a0,\u00ab\u00a0text_transform\u00ab\u00a0:\u00ab\u00a0\u00ab\u00a0}\u00a0\u00bb value_color=\u00a0\u00bb#3baa35&Prime; units=\u00a0\u00bb+\u00a0\u00bb][vc_custom_heading text=\u00a0\u00bbprojets r\u00e9alis\u00e9s en 5 ans.\u00a0\u00bb font_container=\u00a0\u00bbtag:h5|font_size:1.4em|text_align:left|line_height:1.4&Prime; use_theme_fonts=\u00a0\u00bbyes\u00a0\u00bb font_weight=\u00a0\u00bb700&Prime; skin=\u00a0\u00bbdark\u00a0\u00bb el_class=\u00a0\u00bbml-3 mb-1&Prime;]<\/div>[\/vc_column_inner][vc_column_inner offset=\u00a0\u00bbvc_col-md-6&Prime;][vc_single_image image=\u00a0\u00bb873&Prime; img_size=\u00a0\u00bbblog-masonry\u00a0\u00bb alignment=\u00a0\u00bbcenter\u00a0\u00bb style=\u00a0\u00bbvc_box_shadow_3d\u00a0\u00bb onclick=\u00a0\u00bbzoom\u00a0\u00bb lightbox=\u00a0\u00bbyes\u00a0\u00bb zoom_icon=\u00a0\u00bbyes\u00a0\u00bb hover_effect=\u00a0\u00bbyes\u00a0\u00bb el_class=\u00a0\u00bbbox-shadow-1 mt-4 mt-lg-0 ml-lg-3 p-3 mb-3&Prime; animation_type=\u00a0\u00bbfadeInDownBig\u00a0\u00bb][\/vc_column_inner][\/vc_row_inner][\/vc_column][\/vc_row][vc_row content_placement=\u00a0\u00bbmiddle\u00a0\u00bb wrap_container=\u00a0\u00bbyes\u00a0\u00bb el_class=\u00a0\u00bbpy-5 mt-3&Prime;][vc_column width=\u00a0\u00bb2\/3&Prime; el_class=\u00a0\u00bbpb-4 pb-lg-0&Prime; offset=\u00a0\u00bbvc_col-md-5&Prime; conditional_render=\u00a0\u00bb%5B%7B%22value_role%22%3A%22administrator%22%7D%5D\u00a0\u00bb][vc_single_image image=\u00a0\u00bb1656&Prime; img_size=\u00a0\u00bbblog-masonry\u00a0\u00bb alignment=\u00a0\u00bbcenter\u00a0\u00bb style=\u00a0\u00bbvc_box_shadow_3d\u00a0\u00bb onclick=\u00a0\u00bbzoom\u00a0\u00bb el_class=\u00a0\u00bbp-3 box-shadow-1 mb-3 mr-lg-3&Prime;][\/vc_column][vc_column width=\u00a0\u00bb1\/3&Prime; offset=\u00a0\u00bbvc_col-md-7&Prime;][vc_custom_heading text=\u00a0\u00bbQuelle que soit la taille ou la complexit\u00e9 de vos projets, nos \u00e9quipes multi-sp\u00e9cialistes s\u2019engagent \u00e0 vos c\u00f4t\u00e9s pour mettre \u00e0 votre disposition, leurs expertises techniques en mode projet.\u00a0\u00bb font_container=\u00a0\u00bbtag:p|text_align:left\u00a0\u00bb use_theme_fonts=\u00a0\u00bbyes\u00a0\u00bb animation_delay=\u00a0\u00bb100&Prime; animation_type=\u00a0\u00bbfadeIn\u00a0\u00bb][vc_custom_heading text=\u00a0\u00bbNous proposons une vision participative et cr\u00e9ative de l\u2019ing\u00e9nierie associant, la conduite, le suivi des \u00e9tudes chez les administrations concern\u00e9es, le management de projet et l\u2019innovation sous toutes ses formes.\u00a0\u00bb font_container=\u00a0\u00bbtag:p|text_align:left\u00a0\u00bb use_theme_fonts=\u00a0\u00bbyes\u00a0\u00bb animation_delay=\u00a0\u00bb100&Prime; animation_type=\u00a0\u00bbfadeIn\u00a0\u00bb][vc_custom_heading text=\u00a0\u00bbQue ce soit en Tunisie ou \u00e0 l&rsquo;international, BUT G\u00e9ologie a toujours d\u00e9montr\u00e9 une qualit\u00e9 et une efficacit\u00e9 irr\u00e9prochable.\u00a0\u00bb font_container=\u00a0\u00bbtag:p|text_align:left\u00a0\u00bb use_theme_fonts=\u00a0\u00bbyes\u00a0\u00bb animation_delay=\u00a0\u00bb300&Prime; animation_type=\u00a0\u00bbfadeIn\u00a0\u00bb][vc_custom_heading text=\u00a0\u00bbBUT G\u00e9ologie a impl\u00e9ment\u00e9 une politique de qualit\u00e9 dirig\u00e9e par une \u00e9quipe experte d\u00e9di\u00e9e au service de ses clients.\u00a0\u00bb font_container=\u00a0\u00bbtag:p|text_align:left\u00a0\u00bb use_theme_fonts=\u00a0\u00bbyes\u00a0\u00bb animation_delay=\u00a0\u00bb300&Prime; el_class=\u00a0\u00bbmb-5&Prime; animation_type=\u00a0\u00bbfadeIn\u00a0\u00bb][vc_row_inner][vc_column_inner width=\u00a0\u00bb1\/2&Prime;]<div class=\"stats-block stats-top  mb-1  wpb_custom_a517333ace5b1666c6af8bd4684f1de9\"><div class=\"stats-desc\"><div id=\"counter_14355841126a0593aa96fbb\" data-id=\"counter_14355841126a0593aa96fbb\" class=\"stats-number\" style=\" font-weight:700;font-size:40px;line-height:1.25;color:#3baa35;\" data-speed=\"3\" data-counter-value=\"60\" data-separator=\",\" data-decimal=\".\">0<\/div><div class=\"counter_suffix mycust\" style=\" font-weight:700;font-size:40px;line-height:1.25;color:#e8465f\">+<\/div><div class=\"stats-text\" style=\"font-weight:700;font-size:15px;line-height:1.25;color:#2b5577;\">Projets \u00e0 l'international<\/div><\/div><\/div>[\/vc_column_inner][vc_column_inner width=\u00a0\u00bb1\/2&Prime;]<div class=\"stats-block stats-top  mb-1  wpb_custom_a517333ace5b1666c6af8bd4684f1de9\"><div class=\"stats-desc\"><div id=\"counter_21168515556a0593aa97144\" data-id=\"counter_21168515556a0593aa97144\" class=\"stats-number\" style=\" font-weight:700;font-size:40px;line-height:1.25;color:#2b5577;\" data-speed=\"3\" data-counter-value=\"1000\" data-separator=\"none\" data-decimal=\".\">0<\/div><div class=\"counter_suffix mycust\" style=\" font-weight:700;font-size:40px;line-height:1.25;color:#e8465f\">+<\/div><div class=\"stats-text\" style=\"font-weight:700;font-size:15px;line-height:1.25;color:#3baa35;\">Projets \u00e0 l'\u00e9chelle nationale<\/div><\/div><\/div>[\/vc_column_inner][\/vc_row_inner][\/vc_column][\/vc_row][vc_row full_width=\u00a0\u00bbstretch_row\u00a0\u00bb content_placement=\u00a0\u00bbmiddle\u00a0\u00bb css=\u00a0\u00bb.vc_custom_1669389493046{margin-bottom: 30px !important;background-image: url(https:\/\/www.butgeologie.tn\/wp-content\/uploads\/2022\/11\/worldmap-butgeologie.png?id=1686) !important;background-position: center !important;background-repeat: no-repeat !important;background-size: cover !important;}\u00a0\u00bb conditional_render=\u00a0\u00bb%5B%7B%22value_role%22%3A%22administrator%22%7D%5D\u00a0\u00bb][vc_column css=\u00a0\u00bb.vc_custom_1669389547110{margin-top: 30px !important;}\u00a0\u00bb conditional_render=\u00a0\u00bb%5B%7B%22value_role%22%3A%22administrator%22%7D%5D\u00a0\u00bb]<div class=\"porto-u-heading  wpb_custom_42a75ea005443ef227469a63f2ec6371\" data-hspacer=\"line_only\" data-halign=\"center\" style=\"text-align:center\"><div class=\"porto-u-main-heading\"><h1 data-plugin-animated-letters data-plugin-options=\"{&quot;startDelay&quot;:0,&quot;minWindowWidth&quot;:0,&quot;animationName&quot;:&quot;fadeIn&quot;}\"  style=\"color:#494949;\">INTERNATIONAL<\/h1><\/div><div class=\"porto-u-heading-spacer line_only\" style=\"height:2px;\"><span class=\"porto-u-headings-line\" style=\"border-style:solid;border-bottom-width:2px;border-color:#2b5577;width:50px;\"><\/span><\/div><\/div><div class=\"porto-feature-box wpb_content_element  text-center\"><div class=\"feature-box feature-box-primary feature-box-style-3\"><div class=\"feature-box-info p-none\">[vc_column_text css=\u00a0\u00bb.vc_custom_1670627194341{padding-top: 25px !important;padding-right: 25px !important;padding-bottom: 25px !important;padding-left: 25px !important;background-color: rgba(255,255,255,0.65) !important;background-position: center !important;background-repeat: no-repeat !important;background-size: cover !important;*background-color: rgb(255,255,255) !important;border-radius: 5px !important;}\u00a0\u00bb el_class=\u00a0\u00bbinternational\u00a0\u00bb]<\/p>\n<p style=\"text-align: left;\"><span style=\"color: #2b5577;\">L\u2019acc\u00e8s \u00e0 nos clients, la gestion et l\u2019optimisation de notre r\u00e9seau professionnel ont depuis toujours \u00e9t\u00e9 l\u2019une des pr\u00e9occupations majeures de notre Bureau d&rsquo;\u00e9tudes <strong>\u00ab\u00a0BUT G\u00e9ologie\u00a0\u00bb<\/strong>. En outre, nous ne cessons jamais de d\u00e9velopper nos activit\u00e9s \u00e0 l\u2019\u00e9tranger et particuli\u00e8rement en Afrique subsaharienne et au moyen Orient.<\/span><\/p>\n<p>[\/vc_column_text]<\/div><\/div><\/div>[\/vc_column][\/vc_row][vc_row full_width=\u00a0\u00bbstretch_row\u00a0\u00bb el_class=\u00a0\u00bbpx-0&Prime; conditional_render=\u00a0\u00bb%5B%7B%22value_role%22%3A%22administrator%22%7D%5D\u00a0\u00bb][vc_column width=\u00a0\u00bb1\/2&Prime; css=\u00a0\u00bb.vc_custom_1665315646593{padding-top: 4.5rem !important;padding-bottom: 4.5rem !important;background-color: #3baa35 !important;}\u00a0\u00bb conditional_render=\u00a0\u00bb%5B%7B%22value_role%22%3A%22administrator%22%7D%5D\u00a0\u00bb]<div class=\"porto-ultimate-content-box-container col-half-section mb-0 col-half-section-right\"><style>#porto_ucb_1879{will-change: box-shadow;box-shadow: none;}#porto_ucb_1879:hover{box-shadow:none}<\/style><div class=\"porto-ultimate-content-box\" style=\"\" id=\"porto_ucb_1879\">[vc_custom_heading text=\u00a0\u00bbSERVICE EFFICACE\u00a0\u00bb font_container=\u00a0\u00bbtag:h5|text_align:left\u00a0\u00bb use_theme_fonts=\u00a0\u00bbyes\u00a0\u00bb font_weight=\u00a0\u00bb600&Prime; skin=\u00a0\u00bblight\u00a0\u00bb letter_spacing=\u00a0\u00bb0&Prime; show_border=\u00a0\u00bbyes\u00a0\u00bb border_skin=\u00a0\u00bbprimary\u00a0\u00bb border_type=\u00a0\u00bbmiddle-border-reverse\u00a0\u00bb border_size=\u00a0\u00bblg\u00a0\u00bb animation_delay=\u00a0\u00bb100&Prime; el_class=\u00a0\u00bbmb-1&Prime; animation_type=\u00a0\u00bbfadeInLeft\u00a0\u00bb][vc_custom_heading text=\u00a0\u00bbBudget \u00e9tudi\u00e9\u00a0\u00bb use_theme_fonts=\u00a0\u00bbyes\u00a0\u00bb font_weight=\u00a0\u00bb600&Prime; skin=\u00a0\u00bblight\u00a0\u00bb animation_delay=\u00a0\u00bb200&Prime; el_class=\u00a0\u00bbmb-1&Prime; animation_type=\u00a0\u00bbfadeInLeft\u00a0\u00bb css=\u00a0\u00bb.vc_custom_1670627471584{margin-top: 15px !important;}\u00a0\u00bb][vc_custom_heading text=\u00a0\u00bbBUT G\u00e9ologie s&rsquo;engage \u00e0 offrir le meilleur service possible dans le cadre d&rsquo;une politique de prix avantageuse avec une valeur ajout\u00e9e v\u00e9rifiable et durable.\u00a0\u00bb font_container=\u00a0\u00bbtag:p|text_align:left|color:rgba(255%2C255%2C255%2C0.7)\u00a0\u00bb use_theme_fonts=\u00a0\u00bbyes\u00a0\u00bb animation_delay=\u00a0\u00bb300&Prime; el_class=\u00a0\u00bbpt-3 mb-0&Prime; animation_type=\u00a0\u00bbfadeInLeft\u00a0\u00bb]<\/div><\/div>[\/vc_column][vc_column width=\u00a0\u00bb1\/2&Prime; text_align=\u00a0\u00bbleft\u00a0\u00bb el_class=\u00a0\u00bbbackground-color-primary\u00a0\u00bb css=\u00a0\u00bb.vc_custom_1669297230098{padding-top: 4.5rem !important;padding-bottom: 4.5rem !important;}\u00a0\u00bb conditional_render=\u00a0\u00bb%5B%7B%22value_role%22%3A%22administrator%22%7D%5D\u00a0\u00bb]<div class=\"porto-ultimate-content-box-container col-half-section mb-0\"><style>#porto_ucb_2467{will-change: box-shadow;box-shadow: none;}#porto_ucb_2467:hover{box-shadow:none}<\/style><div class=\"porto-ultimate-content-box\" style=\"\" id=\"porto_ucb_2467\">[vc_custom_heading text=\u00a0\u00bbENCADREMENT ET CONSEIL\u00a0\u00bb font_container=\u00a0\u00bbtag:h5|text_align:left\u00a0\u00bb use_theme_fonts=\u00a0\u00bbyes\u00a0\u00bb font_weight=\u00a0\u00bb600&Prime; skin=\u00a0\u00bblight\u00a0\u00bb letter_spacing=\u00a0\u00bb0&Prime; show_border=\u00a0\u00bbyes\u00a0\u00bb border_skin=\u00a0\u00bbsecondary\u00a0\u00bb border_type=\u00a0\u00bbmiddle-border-reverse\u00a0\u00bb border_size=\u00a0\u00bblg\u00a0\u00bb animation_delay=\u00a0\u00bb100&Prime; el_class=\u00a0\u00bbmb-1&Prime; animation_type=\u00a0\u00bbfadeInRight\u00a0\u00bb][vc_custom_heading text=\u00a0\u00bbEquipe experte et solidaire\u00a0\u00bb use_theme_fonts=\u00a0\u00bbyes\u00a0\u00bb font_weight=\u00a0\u00bb600&Prime; skin=\u00a0\u00bblight\u00a0\u00bb animation_delay=\u00a0\u00bb200&Prime; el_class=\u00a0\u00bbmb-1&Prime; animation_type=\u00a0\u00bbfadeInRight\u00a0\u00bb css=\u00a0\u00bb.vc_custom_1670627483680{margin-top: 15px !important;}\u00a0\u00bb][vc_custom_heading text=\u00a0\u00bbL&rsquo;\u00e9quipe de professionnels de <strong>BUT G\u00e9ologie<\/strong> engage son expertise et son exp\u00e9rience au service de ses missions et de ses clients.\u00a0\u00bb font_container=\u00a0\u00bbtag:p|text_align:left|color:rgba(255%2C255%2C255%2C0.7)\u00a0\u00bb use_theme_fonts=\u00a0\u00bbyes\u00a0\u00bb animation_delay=\u00a0\u00bb300&Prime; el_class=\u00a0\u00bbpt-3 mb-0&Prime; animation_type=\u00a0\u00bbfadeInRight\u00a0\u00bb]<\/div><\/div>[\/vc_column][\/vc_row]<\/p>\n<\/div>","protected":false},"excerpt":{"rendered":"<p>[vc_row wrap_container=\u00a0\u00bbyes\u00a0\u00bb el_class=\u00a0\u00bbpy-5&Prime;][vc_column][vc_custom_heading text=\u00a0\u00bbBUT GEOLOGIE est une entreprise de conseil implant\u00e9e en Tunisie, sp\u00e9cialis\u00e9e en ing\u00e9nierie pluridisciplinaire, elle est class\u00e9e selon le Minist\u00e8re de l\u2019\u00e9quipement tunisien, en cat\u00e9gorie B5, Agr\u00e9ment N\u00b0 0236 et elle est inscrite \u00e0 L&rsquo;Ordre des Ing\u00e9nieurs Tunisien sous le N\u00b0 21497 15043 0236.\u00a0\u00bb font_container=\u00a0\u00bbtag:p|text_align:left\u00a0\u00bb use_theme_fonts=\u00a0\u00bbyes\u00a0\u00bb][vc_row_inner][vc_column_inner offset=\u00a0\u00bbvc_col-md-6&Prime;][vc_custom_heading text=\u00a0\u00bbFort de son potentiel en [&hellip;]<\/p>\n","protected":false},"author":3,"featured_media":0,"parent":0,"menu_order":0,"comment_status":"closed","ping_status":"closed","template":"","meta":{"inline_featured_image":false,"footnotes":""},"categories":[],"tags":[42],"etiquettes":[],"class_list":["post-6","page","type-page","status-publish","hentry","tag-environnement"],"_links":{"self":[{"href":"https:\/\/www.butgeologie.tn\/fr\/wp-json\/wp\/v2\/pages\/6","targetHints":{"allow":["GET"]}}],"collection":[{"href":"https:\/\/www.butgeologie.tn\/fr\/wp-json\/wp\/v2\/pages"}],"about":[{"href":"https:\/\/www.butgeologie.tn\/fr\/wp-json\/wp\/v2\/types\/page"}],"author":[{"embeddable":true,"href":"https:\/\/www.butgeologie.tn\/fr\/wp-json\/wp\/v2\/users\/3"}],"replies":[{"embeddable":true,"href":"https:\/\/www.butgeologie.tn\/fr\/wp-json\/wp\/v2\/comments?post=6"}],"version-history":[{"count":174,"href":"https:\/\/www.butgeologie.tn\/fr\/wp-json\/wp\/v2\/pages\/6\/revisions"}],"predecessor-version":[{"id":5208,"href":"https:\/\/www.butgeologie.tn\/fr\/wp-json\/wp\/v2\/pages\/6\/revisions\/5208"}],"wp:attachment":[{"href":"https:\/\/www.butgeologie.tn\/fr\/wp-json\/wp\/v2\/media?parent=6"}],"wp:term":[{"taxonomy":"category","embeddable":true,"href":"https:\/\/www.butgeologie.tn\/fr\/wp-json\/wp\/v2\/categories?post=6"},{"taxonomy":"post_tag","embeddable":true,"href":"https:\/\/www.butgeologie.tn\/fr\/wp-json\/wp\/v2\/tags?post=6"},{"taxonomy":"etiquettes","embeddable":true,"href":"https:\/\/www.butgeologie.tn\/fr\/wp-json\/wp\/v2\/etiquettes?post=6"}],"curies":[{"name":"wp","href":"https:\/\/api.w.org\/{rel}","templated":true}]}}