{"id":5187,"date":"2025-05-13T12:31:57","date_gmt":"2025-05-13T11:31:57","guid":{"rendered":"https:\/\/www.butgeologie.tn\/?page_id=5187"},"modified":"2026-04-04T11:03:48","modified_gmt":"2026-04-04T10:03:48","slug":"environnement","status":"publish","type":"page","link":"https:\/\/www.butgeologie.tn\/fr\/environnement\/","title":{"rendered":"ENVIRONNEMENT ET DEVELOPPEMENT DURABLE"},"content":{"rendered":"<div class=\"wpb-content-wrapper\"><p>[vc_row][vc_column][vc_column_text css=\u00a0\u00bb\u00a0\u00bb css_params=\u00a0\u00bb\u00a0\u00bb]\u00ab <strong>BUT G\u00e9ologie<\/strong> \u00bb intervient dans le domaine de l\u2019environnement et de la protection des milieux naturels, en int\u00e9grant pleinement les enjeux li\u00e9s au d\u00e9veloppement durable et aux changements climatiques dans l\u2019ensemble de ses prestations.[\/vc_column_text][vc_row_inner][vc_column_inner width=\u00a0\u00bb1\/2&Prime;][vc_single_image image=\u00a0\u00bb3346&Prime; img_size=\u00a0\u00bblarge\u00a0\u00bb alignment=\u00a0\u00bbcenter\u00a0\u00bb onclick=\u00a0\u00bbzoom\u00a0\u00bb][\/vc_column_inner][vc_column_inner width=\u00a0\u00bb1\/2&Prime;][vc_custom_heading text=\u00a0\u00bbAssistance technique et accompagnement environnemental\u00a0\u00bb font_container=\u00a0\u00bbtag:h4|text_align:left|color:%23ffffff\u00a0\u00bb use_theme_fonts=\u00a0\u00bbyes\u00a0\u00bb css=\u00a0\u00bb.vc_custom_1775296796844{padding-top: 12px !important;padding-bottom: 12px !important;padding-left: 10px !important;background-color: #2b5577 !important;border-radius: 4px !important;}\u00a0\u00bb el_class=\u00a0\u00bbmr-3&Prime;]<style>#porto-info-list65145344969e15abcb2b61 i { color: #3baa35; }<\/style><ul id=\"porto-info-list65145344969e15abcb2b61\" class=\"porto-info-list environnement-list\"><li class=\"porto-info-list-item\"><i class=\"porto-info-icon porto-icon-circle\"><\/i><div class=\"porto-info-list-item-desc\">Analyse environnementale \u00e0 plusieurs \u00e9chelles d\u2019observation au niveau des unit\u00e9s industrielles\u00a0: les cimenteries, les unit\u00e9s de concassage et de criblages\u2026<\/div><\/li><li class=\"porto-info-list-item\"><i class=\"porto-info-icon porto-icon-circle\"><\/i><div class=\"porto-info-list-item-desc\">Ma\u00eetrise du cadre r\u00e9glementaire relatif aux diff\u00e9rents types de rejets industriels (d\u00e9chets solides, effluents liquides, \u00e9missions atmosph\u00e9riques, etc.).<\/div><\/li><li class=\"porto-info-list-item\"><i class=\"porto-info-icon porto-icon-circle\"><\/i><div class=\"porto-info-list-item-desc\">Optimisation des proc\u00e9d\u00e9s de gestion et de valorisation des d\u00e9chets.<\/div><\/li><li class=\"porto-info-list-item\"><i class=\"porto-info-icon porto-icon-circle\"><\/i><div class=\"porto-info-list-item-desc\">\u00c9laboration de strat\u00e9gies environnementales innovantes et adapt\u00e9es aux sp\u00e9cificit\u00e9s de chaque projet.<\/div><\/li><li class=\"porto-info-list-item\"><i class=\"porto-info-icon porto-icon-circle\"><\/i><div class=\"porto-info-list-item-desc\">Identification et r\u00e9solution des probl\u00e9matiques environnementales.<\/div><\/li><li class=\"porto-info-list-item\"><i class=\"porto-info-icon porto-icon-circle\"><\/i><div class=\"porto-info-list-item-desc\">\n<div class=\"wpb_text_column wpb_content_element \">\n<div class=\"wpb_wrapper\">\n<p>Conception, mise en \u0153uvre et suivi des Plans de Gestion Environnementale et Sociale (PGES).<\/p>\n<\/div>\n<\/div>\n<p><\/div><\/li><\/ul>[vc_custom_heading text=\u00a0\u00bbR\u00e9alisation des \u00e9tudes et dossiers environnementaux\u00a0\u00bb font_container=\u00a0\u00bbtag:h4|text_align:left|color:%23ffffff\u00a0\u00bb use_theme_fonts=\u00a0\u00bbyes\u00a0\u00bb css=\u00a0\u00bb.vc_custom_1775296941612{padding-top: 12px !important;padding-bottom: 12px !important;padding-left: 10px !important;background-color: #2b5577 !important;border-radius: 4px !important;}\u00a0\u00bb el_class=\u00a0\u00bbmr-3&Prime;]<style>#porto-info-list50759491669e15abcb2e9b i { color: #3baa35; }<\/style><ul id=\"porto-info-list50759491669e15abcb2e9b\" class=\"porto-info-list environnement-list\"><li class=\"porto-info-list-item\"><i class=\"porto-info-icon porto-icon-circle\"><\/i><div class=\"porto-info-list-item-desc\">\u00c9tudes d\u2019impact sur l\u2019environnement (EIE).<\/div><\/li><li class=\"porto-info-list-item\"><i class=\"porto-info-icon porto-icon-circle\"><\/i><div class=\"porto-info-list-item-desc\">\u00c9tudes de d\u00e9pollution et de r\u00e9habilitation des sites.<\/div><\/li><li class=\"porto-info-list-item\"><i class=\"porto-info-icon porto-icon-circle\"><\/i><div class=\"porto-info-list-item-desc\">Audits et expertises environnementales.<\/div><\/li><li class=\"porto-info-list-item\"><i class=\"porto-info-icon porto-icon-circle\"><\/i><div class=\"porto-info-list-item-desc\">R\u00e9daction de notes environnementales.<\/div><\/li><li class=\"porto-info-list-item\"><i class=\"porto-info-icon porto-icon-circle\"><\/i><div class=\"porto-info-list-item-desc\">R\u00e9alisation d\u2019\u00e9valuations environnementales.<\/div><\/li><\/ul>[\/vc_column_inner][\/vc_row_inner][\/vc_column][\/vc_row]<\/p>\n<\/div>","protected":false},"excerpt":{"rendered":"<p>[vc_row][vc_column][vc_column_text css=\u00a0\u00bb\u00a0\u00bb css_params=\u00a0\u00bb\u00a0\u00bb]\u00ab BUT G\u00e9ologie \u00bb intervient dans le domaine de l\u2019environnement et de la protection des milieux naturels, en int\u00e9grant pleinement les enjeux li\u00e9s au d\u00e9veloppement durable et aux changements climatiques dans l\u2019ensemble de ses prestations.[\/vc_column_text][vc_row_inner][vc_column_inner width=\u00a0\u00bb1\/2&Prime;][vc_single_image image=\u00a0\u00bb3346&Prime; img_size=\u00a0\u00bblarge\u00a0\u00bb alignment=\u00a0\u00bbcenter\u00a0\u00bb onclick=\u00a0\u00bbzoom\u00a0\u00bb][\/vc_column_inner][vc_column_inner width=\u00a0\u00bb1\/2&Prime;][vc_custom_heading text=\u00a0\u00bbAssistance technique et accompagnement environnemental\u00a0\u00bb font_container=\u00a0\u00bbtag:h4|text_align:left|color:%23ffffff\u00a0\u00bb use_theme_fonts=\u00a0\u00bbyes\u00a0\u00bb css=\u00a0\u00bb.vc_custom_1775296796844{padding-top: 12px !important;padding-bottom: 12px !important;padding-left: [&hellip;]<\/p>\n","protected":false},"author":3,"featured_media":0,"parent":0,"menu_order":0,"comment_status":"closed","ping_status":"closed","template":"","meta":{"inline_featured_image":false,"footnotes":""},"categories":[],"tags":[45,42],"etiquettes":[],"class_list":["post-5187","page","type-page","status-publish","hentry","tag-cimenteries","tag-environnement"],"_links":{"self":[{"href":"https:\/\/www.butgeologie.tn\/fr\/wp-json\/wp\/v2\/pages\/5187","targetHints":{"allow":["GET"]}}],"collection":[{"href":"https:\/\/www.butgeologie.tn\/fr\/wp-json\/wp\/v2\/pages"}],"about":[{"href":"https:\/\/www.butgeologie.tn\/fr\/wp-json\/wp\/v2\/types\/page"}],"author":[{"embeddable":true,"href":"https:\/\/www.butgeologie.tn\/fr\/wp-json\/wp\/v2\/users\/3"}],"replies":[{"embeddable":true,"href":"https:\/\/www.butgeologie.tn\/fr\/wp-json\/wp\/v2\/comments?post=5187"}],"version-history":[{"count":3,"href":"https:\/\/www.butgeologie.tn\/fr\/wp-json\/wp\/v2\/pages\/5187\/revisions"}],"predecessor-version":[{"id":5550,"href":"https:\/\/www.butgeologie.tn\/fr\/wp-json\/wp\/v2\/pages\/5187\/revisions\/5550"}],"wp:attachment":[{"href":"https:\/\/www.butgeologie.tn\/fr\/wp-json\/wp\/v2\/media?parent=5187"}],"wp:term":[{"taxonomy":"category","embeddable":true,"href":"https:\/\/www.butgeologie.tn\/fr\/wp-json\/wp\/v2\/categories?post=5187"},{"taxonomy":"post_tag","embeddable":true,"href":"https:\/\/www.butgeologie.tn\/fr\/wp-json\/wp\/v2\/tags?post=5187"},{"taxonomy":"etiquettes","embeddable":true,"href":"https:\/\/www.butgeologie.tn\/fr\/wp-json\/wp\/v2\/etiquettes?post=5187"}],"curies":[{"name":"wp","href":"https:\/\/api.w.org\/{rel}","templated":true}]}}