{"id":5183,"date":"2025-05-13T12:30:56","date_gmt":"2025-05-13T11:30:56","guid":{"rendered":"https:\/\/www.butgeologie.tn\/?page_id=5183"},"modified":"2026-04-04T12:15:26","modified_gmt":"2026-04-04T11:15:26","slug":"geomatique","status":"publish","type":"page","link":"https:\/\/www.butgeologie.tn\/fr\/geomatique\/","title":{"rendered":"G\u00c9OMATIQUE"},"content":{"rendered":"<div class=\"wpb-content-wrapper\"><p>[vc_row full_width_css=\u00a0\u00bbstretch_row_css\u00a0\u00bb equal_height=\u00a0\u00bbyes\u00a0\u00bb content_placement=\u00a0\u00bbmiddle\u00a0\u00bb text_align=\u00a0\u00bbcenter\u00a0\u00bb conditional_render=\u00a0\u00bb%5B%7B%22value_role%22%3A%22administrator%22%7D%5D\u00a0\u00bb][vc_column][vc_column_text css=\u00a0\u00bb\u00a0\u00bb el_class=\u00a0\u00bbvideo\u00a0\u00bb css_params=\u00a0\u00bb\u00a0\u00bb]<\/p>\n<table class=\"wp-list-table widefat fixed striped table-view-excerpt posts\">\n<tbody id=\"the-list\">\n<tr id=\"post-5311\" class=\"iedit author-self level-0 post-5311 type-pp_video_block status-publish hentry\">\n<td class=\"shortcode column-shortcode\" data-colname=\"Shortcode\"><code>\n<div class=\"wp-block-presto-player-reusable-edit\"><!--presto-player:video_id=3--><figure class=\"wp-block-video presto-block-video  presto-provider-self-hosted\" style=\"--plyr-color-main: var(--presto-player-highlight-color, #00b3ff); --presto-player-logo-width: 150px; \">\n\t<presto-player \n\t\tpreset='{&quot;id&quot;:3,&quot;name&quot;:&quot;Simple&quot;,&quot;slug&quot;:&quot;simple&quot;,&quot;icon&quot;:&quot;video-alt3&quot;,&quot;skin&quot;:&quot;modern&quot;,&quot;play-large&quot;:true,&quot;rewind&quot;:false,&quot;play&quot;:true,&quot;fast-forward&quot;:false,&quot;progress&quot;:true,&quot;current-time&quot;:false,&quot;mute&quot;:false,&quot;volume&quot;:false,&quot;speed&quot;:false,&quot;pip&quot;:false,&quot;fullscreen&quot;:true,&quot;captions&quot;:false,&quot;reset_on_end&quot;:true,&quot;auto_hide&quot;:true,&quot;show_time_elapsed&quot;:false,&quot;captions_enabled&quot;:false,&quot;save_player_position&quot;:false,&quot;sticky_scroll&quot;:false,&quot;sticky_scroll_position&quot;:&quot;bottom right&quot;,&quot;on_video_end&quot;:&quot;select&quot;,&quot;play_video_viewport&quot;:false,&quot;hide_youtube&quot;:true,&quot;lazy_load_youtube&quot;:false,&quot;hide_logo&quot;:false,&quot;border_radius&quot;:0,&quot;caption_style&quot;:&quot;&quot;,&quot;caption_background&quot;:&quot;&quot;,&quot;is_locked&quot;:true,&quot;cta&quot;:[&quot;&quot;],&quot;watermark&quot;:[&quot;&quot;],&quot;search&quot;:[&quot;&quot;],&quot;email_collection&quot;:[&quot;&quot;],&quot;action_bar&quot;:[&quot;&quot;],&quot;created_by&quot;:3,&quot;created_at&quot;:&quot;2025-05-21 08:42:23&quot;,&quot;updated_at&quot;:&quot;2025-05-21 08:42:23&quot;,&quot;deleted_at&quot;:&quot;&quot;}'\n\t\tbranding='{&quot;logo&quot;:&quot;&quot;,&quot;color&quot;:&quot;#00b3ff&quot;,&quot;logo_width&quot;:150,&quot;player_css&quot;:&quot;&quot;}'\n\t\tchapters='[]'\n\t\toverlays='[]'\n\t\ttracks='[]'\n\t\tblock-attributes='{&quot;playsInline&quot;:true,&quot;autoplay&quot;:true,&quot;id&quot;:3,&quot;attachment_id&quot;:5312,&quot;src&quot;:&quot;https:\\\/\\\/www.butgeologie.tn\\\/wp-content\\\/uploads\\\/2025\\\/05\\\/3D-Geological-and-Geochemical-Data-Modeling.mp4&quot;,&quot;preset&quot;:3,&quot;visibility&quot;:&quot;public&quot;,&quot;color&quot;:&quot;#00b3ff&quot;,&quot;mutedPreview&quot;:{&quot;enabled&quot;:false,&quot;captions&quot;:false},&quot;mutedOverlay&quot;:{&quot;enabled&quot;:false,&quot;src&quot;:&quot;&quot;,&quot;width&quot;:200,&quot;focalPoint&quot;:{&quot;x&quot;:0.5,&quot;y&quot;:0.5}},&quot;mutedOverlayType&quot;:&quot;text&quot;,&quot;mutedOverlayText&quot;:&quot;Click to play&quot;,&quot;mutedOverlayImageWidth&quot;:200,&quot;chapters&quot;:[],&quot;overlays&quot;:[],&quot;tracks&quot;:[],&quot;title&quot;:&quot;3D Geological and Geochemical Data Modeling&quot;}'\n\t\tanalytics=''\n\t\tautomations\t\tprovider='self-hosted'\n\t\t\t\tid=\"presto-player-1\"\n\t\tsrc=\"https:\/\/www.butgeologie.tn\/wp-content\/uploads\/2025\/05\/3D-Geological-and-Geochemical-Data-Modeling.mp4\"\n\t\tmedia-title=\"3D Geological and Geochemical Data Modeling\"\n\t\tcss=\"\"\n\t\tclass=\"presto-video-id-3 presto-preset-id-3 skin-modern\"\n\t\tskin=\"modern\" \n\t\ticon-url=\"https:\/\/www.butgeologie.tn\/wp-content\/plugins\/presto-player\/img\/sprite.svg\" \n\t\tpreload=\"\" \n\t\tposter=\"\"\n\t\tyoutube=\"{&quot;noCookie&quot;:false,&quot;channelId&quot;:&quot;&quot;,&quot;show_count&quot;:false}\"\n\t\tprovider-video-id=\"\"\n\t\tvideo-id=\"3\"\n\t\t\t\tvideo-attributes='{}'\n\t\tplaysinline\t\tautoplay\t\t>\n\t\t            <video controls preload=\"none\">\n            <source src=\"https:\/\/www.butgeologie.tn\/wp-content\/uploads\/2025\/05\/3D-Geological-and-Geochemical-Data-Modeling.mp4\" \/>\n        <\/video>\n    \n\n\t<\/presto-player>\n<\/figure><\/div>\n<\/code><\/td>\n<td class=\"date column-date\" data-colname=\"Date\"><\/td>\n<\/tr>\n<\/tbody>\n<\/table>\n<p>[\/vc_column_text][\/vc_column][\/vc_row][vc_row][vc_column][vc_column_text css=\u00a0\u00bb\u00a0\u00bb css_params=\u00a0\u00bb\u00a0\u00bb]<strong>\u00a0\u00ab\u202fBUT G\u00e9ologie\u202f\u00bb<\/strong> met \u00e0 disposition de ses clients un large \u00e9ventail de comp\u00e9tences et de services, soutenus par une palette compl\u00e8te d\u2019outils en Syst\u00e8mes d\u2019Information G\u00e9ographique (SIG), tels que ArcGIS, Global Mapper, QGIS, gvSIG, ENVI, et bien d\u2019autres.[\/vc_column_text][vc_row_inner el_class=\u00a0\u00bbno-padding mx-0&Prime;][vc_column_inner width=\u00a0\u00bb1\/2&Prime;][vc_single_image image=\u00a0\u00bb5588&Prime; img_size=\u00a0\u00bblarge\u00a0\u00bb alignment=\u00a0\u00bbcenter\u00a0\u00bb style=\u00a0\u00bbvc_box_shadow_3d\u00a0\u00bb onclick=\u00a0\u00bbzoom\u00a0\u00bb css=\u00a0\u00bb\u00a0\u00bb lightbox=\u00a0\u00bbyes\u00a0\u00bb zoom_icon=\u00a0\u00bbyes\u00a0\u00bb hover_effect=\u00a0\u00bbyes\u00a0\u00bb el_class=\u00a0\u00bbpull-left mr-4 mb-4&Prime; animation_type=\u00a0\u00bbfadeIn\u00a0\u00bb label=\u00a0\u00bb\u00a0\u00bb][vc_custom_heading text=\u00a0\u00bbNotre \u00e9quipe d\u2019experts ma\u00eetrise ces technologies afin de r\u00e9pondre efficacement aux besoins sp\u00e9cifiques de chaque projet. Nous veillons constamment \u00e0 actualiser nos comp\u00e9tences et \u00e0 int\u00e9grer les derni\u00e8res avanc\u00e9es techniques et les syst\u00e8mes SIG de pointe.\u00a0\u00bb font_container=\u00a0\u00bbtag:p|text_align:left\u00a0\u00bb use_theme_fonts=\u00a0\u00bbyes\u00a0\u00bb el_class=\u00a0\u00bbmb-4 pb-2&Prime;][\/vc_column_inner][vc_column_inner width=\u00a0\u00bb1\/2&Prime;][vc_custom_heading text=\u00a0\u00bbParmi nos prestations principales\u202f:\u00a0\u00bb font_container=\u00a0\u00bbtag:p|text_align:left\u00a0\u00bb use_theme_fonts=\u00a0\u00bbyes\u00a0\u00bb el_class=\u00a0\u00bbmb-4 pb-2&Prime;]<style>#porto-info-list94690358269e159d506531 i { color: #3baa35;font-size: 18px; }<\/style><ul id=\"porto-info-list94690358269e159d506531\" class=\"porto-info-list ml-4\"><li class=\"porto-info-list-item\"><i class=\"porto-info-icon Simple-Line-Icons-folder-alt\"><\/i><div class=\"porto-info-list-item-desc\">Num\u00e9risation et vectorisation de plans (donn\u00e9es urbaines, g\u00e9ologiques, etc.)<\/div><\/li><li class=\"porto-info-list-item\"><i class=\"porto-info-icon Simple-Line-Icons-folder-alt\"><\/i><div class=\"porto-info-list-item-desc\" style=\"font-size: 16px;\">Conception et mod\u00e9lisation de bases de donn\u00e9es g\u00e9ographiques<\/div><\/li><li class=\"porto-info-list-item\"><i class=\"porto-info-icon Simple-Line-Icons-folder-alt\"><\/i><div class=\"porto-info-list-item-desc\" style=\"font-size: 16px;\">Cr\u00e9ation de fonds de cartes (raster et vecteur)<\/div><\/li><li class=\"porto-info-list-item\"><i class=\"porto-info-icon Simple-Line-Icons-folder-alt\"><\/i><div class=\"porto-info-list-item-desc\" style=\"font-size: 16px;\">Enqu\u00eates de terrain et collecte de donn\u00e9es g\u00e9olocalis\u00e9es<\/div><\/li><li class=\"porto-info-list-item\"><i class=\"porto-info-icon Simple-Line-Icons-folder-alt\"><\/i><div class=\"porto-info-list-item-desc\" style=\"font-size: 16px;\">Production de documents cartographiques et cartographie num\u00e9rique<\/div><\/li><li class=\"porto-info-list-item\"><i class=\"porto-info-icon Simple-Line-Icons-folder-alt\"><\/i><div class=\"porto-info-list-item-desc\" style=\"font-size: 16px;\">Restitution num\u00e9rique \u00e0 diff\u00e9rentes \u00e9chelles<\/div><\/li><li class=\"porto-info-list-item\"><i class=\"porto-info-icon Simple-Line-Icons-folder-alt\"><\/i><div class=\"porto-info-list-item-desc\" style=\"font-size: 16px;\">G\u00e9or\u00e9f\u00e9rencement de cartes, plans et images satellitaires<\/div><\/li><li class=\"porto-info-list-item\"><i class=\"porto-info-icon Simple-Line-Icons-folder-alt\"><\/i><div class=\"porto-info-list-item-desc\" style=\"font-size: 16px;\">Production de Mod\u00e8les Num\u00e9riques de Terrain (MNT)<\/div><\/li><li class=\"porto-info-list-item\"><i class=\"porto-info-icon Simple-Line-Icons-folder-alt\"><\/i><div class=\"porto-info-list-item-desc\" style=\"font-size: 16px;\">R\u00e9alisation de cartes th\u00e9matiques pr\u00e9cises et personnalis\u00e9es<\/div><\/li><\/ul>[\/vc_column_inner][\/vc_row_inner][vc_custom_heading text=\u00a0\u00bbGr\u00e2ce \u00e0 cette approche m\u00e9thodique et \u00e0 l\u2019utilisation d\u2019outils avanc\u00e9s, \u00ab\u202fBUT G\u00e9ologie\u202f\u00bb accompagne ses clients dans toutes les \u00e9tapes de gestion et d\u2019analyse g\u00e9ospatiale, garantissant fiabilit\u00e9 et qualit\u00e9 des donn\u00e9es cartographiques.\u00a0\u00bb font_container=\u00a0\u00bbtag:p|text_align:left\u00a0\u00bb use_theme_fonts=\u00a0\u00bbyes\u00a0\u00bb el_class=\u00a0\u00bbmb-4 pb-2&Prime;][\/vc_column][\/vc_row]<\/p>\n<\/div>","protected":false},"excerpt":{"rendered":"<p>[vc_row full_width_css=\u00a0\u00bbstretch_row_css\u00a0\u00bb equal_height=\u00a0\u00bbyes\u00a0\u00bb content_placement=\u00a0\u00bbmiddle\u00a0\u00bb text_align=\u00a0\u00bbcenter\u00a0\u00bb conditional_render=\u00a0\u00bb%5B%7B%22value_role%22%3A%22administrator%22%7D%5D\u00a0\u00bb][vc_column][vc_column_text css=\u00a0\u00bb\u00a0\u00bb el_class=\u00a0\u00bbvideo\u00a0\u00bb css_params=\u00a0\u00bb\u00a0\u00bb] [\/vc_column_text][\/vc_column][\/vc_row][vc_row][vc_column][vc_column_text css=\u00a0\u00bb\u00a0\u00bb css_params=\u00a0\u00bb\u00a0\u00bb]\u00a0\u00ab\u202fBUT G\u00e9ologie\u202f\u00bb met \u00e0 disposition de ses clients un large \u00e9ventail de comp\u00e9tences et de services, soutenus par une palette compl\u00e8te d\u2019outils en Syst\u00e8mes d\u2019Information G\u00e9ographique (SIG), tels que ArcGIS, Global Mapper, QGIS, gvSIG, ENVI, et bien d\u2019autres.[\/vc_column_text][vc_row_inner el_class=\u00a0\u00bbno-padding mx-0&Prime;][vc_column_inner width=\u00a0\u00bb1\/2&Prime;][vc_single_image image=\u00a0\u00bb5588&Prime; img_size=\u00a0\u00bblarge\u00a0\u00bb alignment=\u00a0\u00bbcenter\u00a0\u00bb [&hellip;]<\/p>\n","protected":false},"author":3,"featured_media":0,"parent":0,"menu_order":0,"comment_status":"closed","ping_status":"closed","template":"","meta":{"inline_featured_image":false,"footnotes":""},"categories":[],"tags":[86,88,87,84,85],"etiquettes":[],"class_list":["post-5183","page","type-page","status-publish","hentry","tag-cartographie-numerique","tag-cartographie-thematique","tag-georeferencement","tag-numerisation-et-vectorisation-des-plans","tag-production-du-fond-des-cartes"],"_links":{"self":[{"href":"https:\/\/www.butgeologie.tn\/fr\/wp-json\/wp\/v2\/pages\/5183","targetHints":{"allow":["GET"]}}],"collection":[{"href":"https:\/\/www.butgeologie.tn\/fr\/wp-json\/wp\/v2\/pages"}],"about":[{"href":"https:\/\/www.butgeologie.tn\/fr\/wp-json\/wp\/v2\/types\/page"}],"author":[{"embeddable":true,"href":"https:\/\/www.butgeologie.tn\/fr\/wp-json\/wp\/v2\/users\/3"}],"replies":[{"embeddable":true,"href":"https:\/\/www.butgeologie.tn\/fr\/wp-json\/wp\/v2\/comments?post=5183"}],"version-history":[{"count":5,"href":"https:\/\/www.butgeologie.tn\/fr\/wp-json\/wp\/v2\/pages\/5183\/revisions"}],"predecessor-version":[{"id":5591,"href":"https:\/\/www.butgeologie.tn\/fr\/wp-json\/wp\/v2\/pages\/5183\/revisions\/5591"}],"wp:attachment":[{"href":"https:\/\/www.butgeologie.tn\/fr\/wp-json\/wp\/v2\/media?parent=5183"}],"wp:term":[{"taxonomy":"category","embeddable":true,"href":"https:\/\/www.butgeologie.tn\/fr\/wp-json\/wp\/v2\/categories?post=5183"},{"taxonomy":"post_tag","embeddable":true,"href":"https:\/\/www.butgeologie.tn\/fr\/wp-json\/wp\/v2\/tags?post=5183"},{"taxonomy":"etiquettes","embeddable":true,"href":"https:\/\/www.butgeologie.tn\/fr\/wp-json\/wp\/v2\/etiquettes?post=5183"}],"curies":[{"name":"wp","href":"https:\/\/api.w.org\/{rel}","templated":true}]}}