{"id":5179,"date":"2025-05-13T12:30:01","date_gmt":"2025-05-13T11:30:01","guid":{"rendered":"https:\/\/www.butgeologie.tn\/?page_id=5179"},"modified":"2026-04-06T07:06:47","modified_gmt":"2026-04-06T06:06:47","slug":"solutions-de-prospection-geophysique","status":"publish","type":"page","link":"https:\/\/www.butgeologie.tn\/fr\/solutions-de-prospection-geophysique\/","title":{"rendered":"SOLUTIONS DE PROSPECTION G\u00c9OPHYSIQUE"},"content":{"rendered":"<div class=\"wpb-content-wrapper\"><p>[vc_row full_width_css=\u00a0\u00bbstretch_row_css\u00a0\u00bb full_height=\u00a0\u00bbyes\u00a0\u00bb content_placement=\u00a0\u00bbmiddle\u00a0\u00bb text_align=\u00a0\u00bbcenter\u00a0\u00bb conditional_render=\u00a0\u00bb%5B%7B%22value_role%22%3A%22administrator%22%7D%5D\u00a0\u00bb css_params=\u00a0\u00bb\u00a0\u00bb][vc_column text_align=\u00a0\u00bbcenter\u00a0\u00bb conditional_render=\u00a0\u00bb%5B%7B%22value_role%22%3A%22administrator%22%7D%5D\u00a0\u00bb css_params=\u00a0\u00bb\u00a0\u00bb][vc_column_text css=\u00a0\u00bb\u00a0\u00bb]\n<div class=\"wp-block-presto-player-reusable-edit\"><!--presto-player:video_id=2--><figure class=\"wp-block-video presto-block-video  presto-provider-self-hosted\" style=\"--plyr-color-main: var(--presto-player-highlight-color, #00b3ff); --presto-player-logo-width: 150px; \">\n\t<presto-player \n\t\tpreset='{&quot;id&quot;:1,&quot;name&quot;:&quot;Default&quot;,&quot;slug&quot;:&quot;default&quot;,&quot;icon&quot;:&quot;format-video&quot;,&quot;skin&quot;:&quot;modern&quot;,&quot;play-large&quot;:true,&quot;rewind&quot;:true,&quot;play&quot;:true,&quot;fast-forward&quot;:true,&quot;progress&quot;:true,&quot;current-time&quot;:true,&quot;mute&quot;:true,&quot;volume&quot;:true,&quot;speed&quot;:false,&quot;pip&quot;:false,&quot;fullscreen&quot;:true,&quot;captions&quot;:false,&quot;reset_on_end&quot;:true,&quot;auto_hide&quot;:true,&quot;show_time_elapsed&quot;:false,&quot;captions_enabled&quot;:false,&quot;save_player_position&quot;:true,&quot;sticky_scroll&quot;:false,&quot;sticky_scroll_position&quot;:&quot;bottom right&quot;,&quot;on_video_end&quot;:&quot;select&quot;,&quot;play_video_viewport&quot;:false,&quot;hide_youtube&quot;:false,&quot;lazy_load_youtube&quot;:false,&quot;hide_logo&quot;:false,&quot;border_radius&quot;:0,&quot;caption_style&quot;:&quot;&quot;,&quot;caption_background&quot;:&quot;&quot;,&quot;is_locked&quot;:true,&quot;cta&quot;:[&quot;&quot;],&quot;watermark&quot;:[&quot;&quot;],&quot;search&quot;:[&quot;&quot;],&quot;email_collection&quot;:[&quot;&quot;],&quot;action_bar&quot;:[&quot;&quot;],&quot;created_by&quot;:3,&quot;created_at&quot;:&quot;2025-05-21 08:42:23&quot;,&quot;updated_at&quot;:&quot;2025-05-21 08:42:23&quot;,&quot;deleted_at&quot;:&quot;&quot;}'\n\t\tbranding='{&quot;logo&quot;:&quot;&quot;,&quot;color&quot;:&quot;#00b3ff&quot;,&quot;logo_width&quot;:150,&quot;player_css&quot;:&quot;&quot;}'\n\t\tchapters='[]'\n\t\toverlays='[]'\n\t\ttracks='[]'\n\t\tblock-attributes='{&quot;playsInline&quot;:true,&quot;autoplay&quot;:true,&quot;id&quot;:2,&quot;attachment_id&quot;:5292,&quot;src&quot;:&quot;https:\\\/\\\/www.butgeologie.tn\\\/wp-content\\\/uploads\\\/2025\\\/05\\\/Geophysical-Investigation.mp4&quot;,&quot;preset&quot;:1,&quot;visibility&quot;:&quot;public&quot;,&quot;color&quot;:&quot;#00b3ff&quot;,&quot;mutedPreview&quot;:{&quot;enabled&quot;:false,&quot;captions&quot;:false},&quot;mutedOverlay&quot;:{&quot;enabled&quot;:false,&quot;src&quot;:&quot;&quot;,&quot;width&quot;:200,&quot;focalPoint&quot;:{&quot;x&quot;:0.5,&quot;y&quot;:0.5}},&quot;mutedOverlayType&quot;:&quot;text&quot;,&quot;mutedOverlayText&quot;:&quot;Click to play&quot;,&quot;mutedOverlayImageWidth&quot;:200,&quot;chapters&quot;:[],&quot;overlays&quot;:[],&quot;tracks&quot;:[],&quot;title&quot;:&quot;Geophysical Investigation&quot;}'\n\t\tanalytics=''\n\t\tautomations\t\tprovider='self-hosted'\n\t\t\t\tid=\"presto-player-1\"\n\t\tsrc=\"https:\/\/www.butgeologie.tn\/wp-content\/uploads\/2025\/05\/Geophysical-Investigation.mp4\"\n\t\tmedia-title=\"Geophysical Investigation\"\n\t\tcss=\"\"\n\t\tclass=\"presto-video-id-2 presto-preset-id-1 skin-modern\"\n\t\tskin=\"modern\" \n\t\ticon-url=\"https:\/\/www.butgeologie.tn\/wp-content\/plugins\/presto-player\/img\/sprite.svg\" \n\t\tpreload=\"\" \n\t\tposter=\"\"\n\t\tyoutube=\"{&quot;noCookie&quot;:false,&quot;channelId&quot;:&quot;&quot;,&quot;show_count&quot;:false}\"\n\t\tprovider-video-id=\"\"\n\t\tvideo-id=\"2\"\n\t\t\t\tvideo-attributes='{}'\n\t\tplaysinline\t\tautoplay\t\t>\n\t\t            <video controls preload=\"none\">\n            <source src=\"https:\/\/www.butgeologie.tn\/wp-content\/uploads\/2025\/05\/Geophysical-Investigation.mp4\" \/>\n        <\/video>\n    \n\n\t<\/presto-player>\n<\/figure><\/div>\n[\/vc_column_text][\/vc_column][\/vc_row][vc_row][vc_column][vc_column_text css=\u00a0\u00bb\u00a0\u00bb css_params=\u00a0\u00bb\u00a0\u00bb]<b>BUT G\u00e9ologie<\/b> met \u00e0 disposition de ses clients un large \u00e9ventail de solutions de prospection g\u00e9ophysique adapt\u00e9es \u00e0 divers contextes.[\/vc_column_text][vc_row_inner][vc_column_inner width=\u00a0\u00bb1\/2&Prime;][vc_single_image image=\u00a0\u00bb3331&Prime; img_size=\u00a0\u00bblarge\u00a0\u00bb alignment=\u00a0\u00bbcenter\u00a0\u00bb style=\u00a0\u00bbvc_box_shadow_3d\u00a0\u00bb onclick=\u00a0\u00bbzoom\u00a0\u00bb][\/vc_column_inner][vc_column_inner width=\u00a0\u00bb1\/2&Prime;][vc_custom_heading text=\u00a0\u00bbM\u00e9thodes \u00e9lectriques\u00a0\u00bb font_container=\u00a0\u00bbtag:h4|text_align:left|color:%23ffffff\u00a0\u00bb use_theme_fonts=\u00a0\u00bbyes\u00a0\u00bb css=\u00a0\u00bb.vc_custom_1669509761469{padding-top: 12px !important;padding-bottom: 12px !important;padding-left: 10px !important;background-color: #2b5577 !important;border-radius: 4px !important;}\u00a0\u00bb el_class=\u00a0\u00bbmr-3&Prime;][vc_column_text css=\u00a0\u00bb\u00a0\u00bb]Les m\u00e9thodes \u00e9lectriques s\u2019appuient sur l\u2019\u00e9tude de la r\u00e9partition du potentiel \u00e9lectrique dans le sol. La mesure de la r\u00e9sistivit\u00e9 \u00e9lectrique des terrains permet d\u2019obtenir des informations \u00e0 la fois qualitatives et quantitatives. L\u2019interpr\u00e9tation g\u00e9ologique de ces r\u00e9sultats rend possible la distinction entre massifs de roches saines, zones alt\u00e9r\u00e9es, zones satur\u00e9es en eau et accidents g\u00e9ologiques naturels.[\/vc_column_text][vc_custom_heading text=\u00a0\u00bbM\u00e9thodes sismiques\u00a0\u00bb font_container=\u00a0\u00bbtag:h4|text_align:left|color:%23ffffff\u00a0\u00bb use_theme_fonts=\u00a0\u00bbyes\u00a0\u00bb css=\u00a0\u00bb.vc_custom_1669509746757{padding-top: 12px !important;padding-bottom: 12px !important;padding-left: 10px !important;background-color: #2b5577 !important;border-radius: 4px !important;}\u00a0\u00bb el_class=\u00a0\u00bbmr-3&Prime;][vc_column_text css=\u00a0\u00bb\u00a0\u00bb]Les m\u00e9thodes sismiques, largement utilis\u00e9es en g\u00e9nie civil, permettent d\u2019\u00e9valuer l\u2019\u00e9paisseur des terrains facilement excitables et de localiser pr\u00e9cis\u00e9ment le toit du substratum rocheux compact. Elles sont \u00e9galement efficaces pour identifier les zones d\u00e9consolid\u00e9es ou karstifi\u00e9es au sein des massifs calcaires ou des \u00e9vaporites. Par ailleurs, BUT G\u00e9ologie r\u00e9alise des \u00e9tudes d\u2019impact des tirs de mine \u00e0 proximit\u00e9 des agglom\u00e9rations ou d\u2019autres infrastructures, afin de d\u00e9finir les mesures techniques et de s\u00e9curit\u00e9 les plus appropri\u00e9es.[\/vc_column_text][vc_custom_heading text=\u00a0\u00bbG\u00e9oradar (Radar \u00e0 p\u00e9n\u00e9tration de sol)\u00a0\u00bb font_container=\u00a0\u00bbtag:h4|text_align:left|color:%23ffffff\u00a0\u00bb use_theme_fonts=\u00a0\u00bbyes\u00a0\u00bb css=\u00a0\u00bb.vc_custom_1775453094247{padding-top: 12px !important;padding-bottom: 12px !important;padding-left: 10px !important;background-color: #2b5577 !important;border-radius: 4px !important;}\u00a0\u00bb el_class=\u00a0\u00bbmr-3&Prime; css_params=\u00a0\u00bb\u00a0\u00bb][vc_column_text css=\u00a0\u00bb\u00a0\u00bb]Le <strong>G\u00e9oradar<\/strong> est une technique non destructive reposant sur l\u2019analyse de la propagation (r\u00e9fraction, r\u00e9flexion et diffraction) des ondes \u00e9lectromagn\u00e9tiques \u00e0 haute fr\u00e9quence. L\u2019emploi du G\u00e9oradar fr\u00e9quentiel, technique r\u00e9cente et soumise \u00e0 des contraintes instrumentales sp\u00e9cifiques, fait l\u2019objet de nombreuses recherches et applications dans des domaines vari\u00e9s tels que l\u2019arch\u00e9ologie, l\u2019hydrog\u00e9ologie, les \u00e9tudes strat\u00e9giques et le g\u00e9nie civil.[\/vc_column_text][\/vc_column_inner][\/vc_row_inner][\/vc_column][\/vc_row]<\/p>\n<\/div>","protected":false},"excerpt":{"rendered":"<p>[vc_row full_width_css=\u00a0\u00bbstretch_row_css\u00a0\u00bb full_height=\u00a0\u00bbyes\u00a0\u00bb content_placement=\u00a0\u00bbmiddle\u00a0\u00bb text_align=\u00a0\u00bbcenter\u00a0\u00bb conditional_render=\u00a0\u00bb%5B%7B%22value_role%22%3A%22administrator%22%7D%5D\u00a0\u00bb css_params=\u00a0\u00bb\u00a0\u00bb][vc_column text_align=\u00a0\u00bbcenter\u00a0\u00bb conditional_render=\u00a0\u00bb%5B%7B%22value_role%22%3A%22administrator%22%7D%5D\u00a0\u00bb css_params=\u00a0\u00bb\u00a0\u00bb][vc_column_text css=\u00a0\u00bb\u00a0\u00bb][\/vc_column_text][\/vc_column][\/vc_row][vc_row][vc_column][vc_column_text css=\u00a0\u00bb\u00a0\u00bb css_params=\u00a0\u00bb\u00a0\u00bb]BUT G\u00e9ologie met \u00e0 disposition de ses clients un large \u00e9ventail de solutions de prospection g\u00e9ophysique adapt\u00e9es \u00e0 divers contextes.[\/vc_column_text][vc_row_inner][vc_column_inner width=\u00a0\u00bb1\/2&Prime;][vc_single_image image=\u00a0\u00bb3331&Prime; img_size=\u00a0\u00bblarge\u00a0\u00bb alignment=\u00a0\u00bbcenter\u00a0\u00bb style=\u00a0\u00bbvc_box_shadow_3d\u00a0\u00bb onclick=\u00a0\u00bbzoom\u00a0\u00bb][\/vc_column_inner][vc_column_inner width=\u00a0\u00bb1\/2&Prime;][vc_custom_heading text=\u00a0\u00bbM\u00e9thodes \u00e9lectriques\u00a0\u00bb font_container=\u00a0\u00bbtag:h4|text_align:left|color:%23ffffff\u00a0\u00bb use_theme_fonts=\u00a0\u00bbyes\u00a0\u00bb css=\u00a0\u00bb.vc_custom_1669509761469{padding-top: 12px !important;padding-bottom: 12px !important;padding-left: 10px !important;background-color: #2b5577 !important;border-radius: 4px !important;}\u00a0\u00bb el_class=\u00a0\u00bbmr-3&Prime;][vc_column_text [&hellip;]<\/p>\n","protected":false},"author":3,"featured_media":0,"parent":0,"menu_order":0,"comment_status":"closed","ping_status":"closed","template":"","meta":{"inline_featured_image":false,"footnotes":""},"categories":[],"tags":[82,50,83,44,52],"etiquettes":[],"class_list":["post-5179","page","type-page","status-publish","hentry","tag-georadar","tag-hydrogeologie","tag-methodes-sismiques","tag-securite","tag-solutions-de-prospection-geophysiques"],"_links":{"self":[{"href":"https:\/\/www.butgeologie.tn\/fr\/wp-json\/wp\/v2\/pages\/5179","targetHints":{"allow":["GET"]}}],"collection":[{"href":"https:\/\/www.butgeologie.tn\/fr\/wp-json\/wp\/v2\/pages"}],"about":[{"href":"https:\/\/www.butgeologie.tn\/fr\/wp-json\/wp\/v2\/types\/page"}],"author":[{"embeddable":true,"href":"https:\/\/www.butgeologie.tn\/fr\/wp-json\/wp\/v2\/users\/3"}],"replies":[{"embeddable":true,"href":"https:\/\/www.butgeologie.tn\/fr\/wp-json\/wp\/v2\/comments?post=5179"}],"version-history":[{"count":6,"href":"https:\/\/www.butgeologie.tn\/fr\/wp-json\/wp\/v2\/pages\/5179\/revisions"}],"predecessor-version":[{"id":5651,"href":"https:\/\/www.butgeologie.tn\/fr\/wp-json\/wp\/v2\/pages\/5179\/revisions\/5651"}],"wp:attachment":[{"href":"https:\/\/www.butgeologie.tn\/fr\/wp-json\/wp\/v2\/media?parent=5179"}],"wp:term":[{"taxonomy":"category","embeddable":true,"href":"https:\/\/www.butgeologie.tn\/fr\/wp-json\/wp\/v2\/categories?post=5179"},{"taxonomy":"post_tag","embeddable":true,"href":"https:\/\/www.butgeologie.tn\/fr\/wp-json\/wp\/v2\/tags?post=5179"},{"taxonomy":"etiquettes","embeddable":true,"href":"https:\/\/www.butgeologie.tn\/fr\/wp-json\/wp\/v2\/etiquettes?post=5179"}],"curies":[{"name":"wp","href":"https:\/\/api.w.org\/{rel}","templated":true}]}}