{"id":5175,"date":"2025-05-13T12:28:57","date_gmt":"2025-05-13T11:28:57","guid":{"rendered":"https:\/\/www.butgeologie.tn\/?page_id=5175"},"modified":"2026-04-06T06:34:09","modified_gmt":"2026-04-06T05:34:09","slug":"geotechnique","status":"publish","type":"page","link":"https:\/\/www.butgeologie.tn\/fr\/geotechnique\/","title":{"rendered":"G\u00c9OTECHNIQUE"},"content":{"rendered":"<div class=\"wpb-content-wrapper\"><p>[vc_row full_width_css=\u00a0\u00bbstretch_row_css\u00a0\u00bb equal_height=\u00a0\u00bbyes\u00a0\u00bb content_placement=\u00a0\u00bbmiddle\u00a0\u00bb text_align=\u00a0\u00bbcenter\u00a0\u00bb conditional_render=\u00a0\u00bb%5B%7B%22value_role%22%3A%22administrator%22%7D%5D\u00a0\u00bb css_params=\u00a0\u00bb\u00a0\u00bb][vc_column][vc_column_text css=\u00a0\u00bb\u00a0\u00bb el_class=\u00a0\u00bbvideo\u00a0\u00bb]<\/p>\n<table class=\"wp-list-table widefat fixed striped table-view-excerpt posts\">\n<tbody id=\"the-list\">\n<tr id=\"post-5314\" class=\"iedit author-self level-0 post-5314 type-pp_video_block status-publish hentry\">\n<td class=\"shortcode column-shortcode\" data-colname=\"Shortcode\"><code>\n<div class=\"wp-block-presto-player-reusable-edit\"><!--presto-player:video_id=4--><figure class=\"wp-block-video presto-block-video  presto-provider-self-hosted\" style=\"--plyr-color-main: var(--presto-player-highlight-color, #00b3ff); --presto-player-logo-width: 150px; \">\n\t<presto-player \n\t\tpreset='{&quot;id&quot;:3,&quot;name&quot;:&quot;Simple&quot;,&quot;slug&quot;:&quot;simple&quot;,&quot;icon&quot;:&quot;video-alt3&quot;,&quot;skin&quot;:&quot;modern&quot;,&quot;play-large&quot;:true,&quot;rewind&quot;:false,&quot;play&quot;:true,&quot;fast-forward&quot;:false,&quot;progress&quot;:true,&quot;current-time&quot;:false,&quot;mute&quot;:false,&quot;volume&quot;:false,&quot;speed&quot;:false,&quot;pip&quot;:false,&quot;fullscreen&quot;:true,&quot;captions&quot;:false,&quot;reset_on_end&quot;:true,&quot;auto_hide&quot;:true,&quot;show_time_elapsed&quot;:false,&quot;captions_enabled&quot;:false,&quot;save_player_position&quot;:false,&quot;sticky_scroll&quot;:false,&quot;sticky_scroll_position&quot;:&quot;bottom right&quot;,&quot;on_video_end&quot;:&quot;select&quot;,&quot;play_video_viewport&quot;:false,&quot;hide_youtube&quot;:true,&quot;lazy_load_youtube&quot;:false,&quot;hide_logo&quot;:false,&quot;border_radius&quot;:0,&quot;caption_style&quot;:&quot;&quot;,&quot;caption_background&quot;:&quot;&quot;,&quot;is_locked&quot;:true,&quot;cta&quot;:[&quot;&quot;],&quot;watermark&quot;:[&quot;&quot;],&quot;search&quot;:[&quot;&quot;],&quot;email_collection&quot;:[&quot;&quot;],&quot;action_bar&quot;:[&quot;&quot;],&quot;created_by&quot;:3,&quot;created_at&quot;:&quot;2025-05-21 08:42:23&quot;,&quot;updated_at&quot;:&quot;2025-05-21 08:42:23&quot;,&quot;deleted_at&quot;:&quot;&quot;}'\n\t\tbranding='{&quot;logo&quot;:&quot;&quot;,&quot;color&quot;:&quot;#00b3ff&quot;,&quot;logo_width&quot;:150,&quot;player_css&quot;:&quot;&quot;}'\n\t\tchapters='[]'\n\t\toverlays='[]'\n\t\ttracks='[]'\n\t\tblock-attributes='{&quot;playsInline&quot;:true,&quot;autoplay&quot;:true,&quot;id&quot;:4,&quot;attachment_id&quot;:5315,&quot;src&quot;:&quot;https:\\\/\\\/www.butgeologie.tn\\\/wp-content\\\/uploads\\\/2025\\\/05\\\/Geotechnical-Studies-and-Prospecting.mp4&quot;,&quot;preset&quot;:3,&quot;visibility&quot;:&quot;public&quot;,&quot;color&quot;:&quot;#00b3ff&quot;,&quot;mutedPreview&quot;:{&quot;enabled&quot;:false,&quot;captions&quot;:false},&quot;mutedOverlay&quot;:{&quot;enabled&quot;:false,&quot;src&quot;:&quot;&quot;,&quot;width&quot;:200,&quot;focalPoint&quot;:{&quot;x&quot;:0.5,&quot;y&quot;:0.5}},&quot;mutedOverlayType&quot;:&quot;text&quot;,&quot;mutedOverlayText&quot;:&quot;Click to play&quot;,&quot;mutedOverlayImageWidth&quot;:200,&quot;chapters&quot;:[],&quot;overlays&quot;:[],&quot;tracks&quot;:[],&quot;title&quot;:&quot;Geotechnical Studies and Prospecting&quot;}'\n\t\tanalytics=''\n\t\tautomations\t\tprovider='self-hosted'\n\t\t\t\tid=\"presto-player-1\"\n\t\tsrc=\"https:\/\/www.butgeologie.tn\/wp-content\/uploads\/2025\/05\/Geotechnical-Studies-and-Prospecting.mp4\"\n\t\tmedia-title=\"Geotechnical Studies and Prospecting\"\n\t\tcss=\"\"\n\t\tclass=\"presto-video-id-4 presto-preset-id-3 skin-modern\"\n\t\tskin=\"modern\" \n\t\ticon-url=\"https:\/\/www.butgeologie.tn\/wp-content\/plugins\/presto-player\/img\/sprite.svg\" \n\t\tpreload=\"\" \n\t\tposter=\"\"\n\t\tyoutube=\"{&quot;noCookie&quot;:false,&quot;channelId&quot;:&quot;&quot;,&quot;show_count&quot;:false}\"\n\t\tprovider-video-id=\"\"\n\t\tvideo-id=\"4\"\n\t\t\t\tvideo-attributes='{}'\n\t\tplaysinline\t\tautoplay\t\t>\n\t\t            <video controls preload=\"none\">\n            <source src=\"https:\/\/www.butgeologie.tn\/wp-content\/uploads\/2025\/05\/Geotechnical-Studies-and-Prospecting.mp4\" \/>\n        <\/video>\n    \n\n\t<\/presto-player>\n<\/figure><\/div>\n<\/code><\/td>\n<td class=\"date column-date\" style=\"text-align: center;\" data-colname=\"Date\"><\/td>\n<\/tr>\n<\/tbody>\n<\/table>\n<p>[\/vc_column_text][\/vc_column][\/vc_row][vc_row][vc_column][vc_column_text css=\u00a0\u00bb\u00a0\u00bb css_params=\u00a0\u00bb\u00a0\u00bb]<strong>BUT G\u00e9ologie<\/strong> se positionne comme votre partenaire privil\u00e9gi\u00e9 pour la r\u00e9alisation des analyses pr\u00e9alables \u00e0 vos projets d\u2019exploration min\u00e9rale. Ces analyses englobent l\u2019ensemble des op\u00e9rations n\u00e9cessaires \u00e0 l\u2019acquisition des connaissances permettant d\u2019\u00e9valuer, tant qualitativement que quantitativement, un gisement de substances min\u00e9rales. Par ailleurs, notre expertise s\u2019\u00e9tend \u00e9galement aux projets routiers et de construction.[\/vc_column_text][vc_row_inner el_class=\u00a0\u00bbno-padding mx-0&Prime;][vc_column_inner width=\u00a0\u00bb1\/2&Prime;][vc_single_image image=\u00a0\u00bb1424&Prime; img_size=\u00a0\u00bblarge\u00a0\u00bb alignment=\u00a0\u00bbcenter\u00a0\u00bb style=\u00a0\u00bbvc_box_shadow_3d\u00a0\u00bb onclick=\u00a0\u00bbzoom\u00a0\u00bb el_class=\u00a0\u00bbmr-4 mb-4&Prime;][\/vc_column_inner][vc_column_inner width=\u00a0\u00bb1\/2&Prime;][vc_custom_heading text=\u00a0\u00bbDans le cadre des projets g\u00e9otechniques, nos d\u00e9marches visent \u00e0 mesurer ou d\u00e9terminer les param\u00e8tres suivants :\u00a0\u00bb font_container=\u00a0\u00bbtag:p|text_align:left\u00a0\u00bb use_theme_fonts=\u00a0\u00bbyes\u00a0\u00bb el_class=\u00a0\u00bbmb-4 pb-2&Prime;]<style>#porto-info-list137606138869e15ab7b71cb i { color: #3baa35;font-size: 14px; }<\/style><ul id=\"porto-info-list137606138869e15ab7b71cb\" class=\"porto-info-list ml-4\"><li class=\"porto-info-list-item\"><i class=\"porto-info-icon fas fa-check-circle\"><\/i><div class=\"porto-info-list-item-desc\">La lithostratigraphie et la g\u00e9omorphologie du sous-sol.<\/div><\/li><li class=\"porto-info-list-item\"><i class=\"porto-info-icon fas fa-check-circle\"><\/i><div class=\"porto-info-list-item-desc\">Teneur en substances exploitables.<\/div><\/li><li class=\"porto-info-list-item\"><i class=\"porto-info-icon fas fa-check-circle\"><\/i><div class=\"porto-info-list-item-desc\">Perm\u00e9abilit\u00e9 du sol.<\/div><\/li><li class=\"porto-info-list-item\"><i class=\"porto-info-icon fas fa-check-circle\"><\/i><div class=\"porto-info-list-item-desc\">Capacit\u00e9 portante du sol (essais de p\u00e9n\u00e9tration, recherche de cavit\u00e9s, essais pressiom\u00e9triques\u2026).<\/div><\/li><li class=\"porto-info-list-item\"><i class=\"porto-info-icon fas fa-check-circle\"><\/i><div class=\"porto-info-list-item-desc\">Conception et dimensionnement des syst\u00e8mes d\u2019infiltration des eaux us\u00e9es ou \u00e9pur\u00e9es (drains de dispersion, lits ou tertres d\u2019infiltration).<\/div><\/li><li class=\"porto-info-list-item\"><i class=\"porto-info-icon fas fa-check-circle\"><\/i><div class=\"porto-info-list-item-desc\">Identification des zones karstiques.<\/div><\/li><li class=\"porto-info-list-item\"><i class=\"porto-info-icon fas fa-check-circle\"><\/i><div class=\"porto-info-list-item-desc\">Conception et dimensionnement des ouvrages de fondation et de sout\u00e8nement.<\/div><\/li><li class=\"porto-info-list-item\"><i class=\"porto-info-icon fas fa-check-circle\"><\/i><div class=\"porto-info-list-item-desc\">Contr\u00f4le et supervision des travaux d\u2019investigation g\u00e9otechnique.<\/div><\/li><li class=\"porto-info-list-item\"><i class=\"porto-info-icon fas fa-check-circle\"><\/i><div class=\"porto-info-list-item-desc\">Assistance technique sur chantier.<\/div><\/li><\/ul>[\/vc_column_inner][\/vc_row_inner][\/vc_column][\/vc_row]<\/p>\n<\/div>","protected":false},"excerpt":{"rendered":"<p>[vc_row full_width_css=\u00a0\u00bbstretch_row_css\u00a0\u00bb equal_height=\u00a0\u00bbyes\u00a0\u00bb content_placement=\u00a0\u00bbmiddle\u00a0\u00bb text_align=\u00a0\u00bbcenter\u00a0\u00bb conditional_render=\u00a0\u00bb%5B%7B%22value_role%22%3A%22administrator%22%7D%5D\u00a0\u00bb css_params=\u00a0\u00bb\u00a0\u00bb][vc_column][vc_column_text css=\u00a0\u00bb\u00a0\u00bb el_class=\u00a0\u00bbvideo\u00a0\u00bb] [\/vc_column_text][\/vc_column][\/vc_row][vc_row][vc_column][vc_column_text css=\u00a0\u00bb\u00a0\u00bb css_params=\u00a0\u00bb\u00a0\u00bb]BUT G\u00e9ologie se positionne comme votre partenaire privil\u00e9gi\u00e9 pour la r\u00e9alisation des analyses pr\u00e9alables \u00e0 vos projets d\u2019exploration min\u00e9rale. Ces analyses englobent l\u2019ensemble des op\u00e9rations n\u00e9cessaires \u00e0 l\u2019acquisition des connaissances permettant d\u2019\u00e9valuer, tant qualitativement que quantitativement, un gisement de substances min\u00e9rales. Par ailleurs, notre [&hellip;]<\/p>\n","protected":false},"author":3,"featured_media":0,"parent":0,"menu_order":0,"comment_status":"closed","ping_status":"closed","template":"","meta":{"inline_featured_image":false,"footnotes":""},"categories":[],"tags":[80,78,51,81,77,79],"etiquettes":[],"class_list":["post-5175","page","type-page","status-publish","hentry","tag-essais-de-penetration","tag-geomorphologie-du-sous-sol","tag-geotechnique","tag-identification-des-zones-karstiques","tag-lithostratigraphie","tag-permeabilite-du-sol"],"_links":{"self":[{"href":"https:\/\/www.butgeologie.tn\/fr\/wp-json\/wp\/v2\/pages\/5175","targetHints":{"allow":["GET"]}}],"collection":[{"href":"https:\/\/www.butgeologie.tn\/fr\/wp-json\/wp\/v2\/pages"}],"about":[{"href":"https:\/\/www.butgeologie.tn\/fr\/wp-json\/wp\/v2\/types\/page"}],"author":[{"embeddable":true,"href":"https:\/\/www.butgeologie.tn\/fr\/wp-json\/wp\/v2\/users\/3"}],"replies":[{"embeddable":true,"href":"https:\/\/www.butgeologie.tn\/fr\/wp-json\/wp\/v2\/comments?post=5175"}],"version-history":[{"count":4,"href":"https:\/\/www.butgeologie.tn\/fr\/wp-json\/wp\/v2\/pages\/5175\/revisions"}],"predecessor-version":[{"id":5615,"href":"https:\/\/www.butgeologie.tn\/fr\/wp-json\/wp\/v2\/pages\/5175\/revisions\/5615"}],"wp:attachment":[{"href":"https:\/\/www.butgeologie.tn\/fr\/wp-json\/wp\/v2\/media?parent=5175"}],"wp:term":[{"taxonomy":"category","embeddable":true,"href":"https:\/\/www.butgeologie.tn\/fr\/wp-json\/wp\/v2\/categories?post=5175"},{"taxonomy":"post_tag","embeddable":true,"href":"https:\/\/www.butgeologie.tn\/fr\/wp-json\/wp\/v2\/tags?post=5175"},{"taxonomy":"etiquettes","embeddable":true,"href":"https:\/\/www.butgeologie.tn\/fr\/wp-json\/wp\/v2\/etiquettes?post=5175"}],"curies":[{"name":"wp","href":"https:\/\/api.w.org\/{rel}","templated":true}]}}