{"id":5170,"date":"2025-05-13T12:27:58","date_gmt":"2025-05-13T11:27:58","guid":{"rendered":"https:\/\/www.butgeologie.tn\/?page_id=5170"},"modified":"2026-04-06T06:42:56","modified_gmt":"2026-04-06T05:42:56","slug":"hydrologique-et-hydrogeologie","status":"publish","type":"page","link":"https:\/\/www.butgeologie.tn\/fr\/hydrologique-et-hydrogeologie\/","title":{"rendered":"HYDROLOGIQUE ET HYDROG\u00c9OLOGIE"},"content":{"rendered":"<div class=\"wpb-content-wrapper\"><p>[vc_row][vc_column][vc_column_text css=\u00a0\u00bb\u00a0\u00bb]<strong>BUT G\u00e9ologie<\/strong> poss\u00e8de une expertise compl\u00e8te et un savoir-faire reconnu pour la mise en \u0153uvre de diverses applications pratiques en hydrologie et hydrog\u00e9ologie.[\/vc_column_text][vc_custom_heading text=\u00a0\u00bbLe bureau est sp\u00e9cialis\u00e9 dans les \u00e9tudes d\u2019implantation de captages et de pi\u00e9zom\u00e8tres, et met \u00e0 disposition une \u00e9quipe d\u00e9di\u00e9e \u00e0 l\u2019\u00e9laboration des cahiers des charges, notamment pour les projets de forage de puits d\u2019eau.\u00a0\u00bb font_container=\u00a0\u00bbtag:p|text_align:left\u00a0\u00bb use_theme_fonts=\u00a0\u00bbyes\u00a0\u00bb el_class=\u00a0\u00bbmb-4 pb-2&Prime;][vc_custom_heading text=\u00a0\u00bbNous assurons la supervision compl\u00e8te des forages afin d\u2019optimiser le dimensionnement des ouvrages et de leur \u00e9quipement, en nous appuyant sur les observations r\u00e9alis\u00e9es sur le terrain.\u00a0\u00bb font_container=\u00a0\u00bbtag:p|text_align:left\u00a0\u00bb use_theme_fonts=\u00a0\u00bbyes\u00a0\u00bb el_class=\u00a0\u00bbmb-4 pb-2&Prime;][vc_custom_heading text=\u00a0\u00bbNotre \u00e9quipe r\u00e9alise \u00e9galement les essais de pompage et interpr\u00e8te le rabattement des puits, tout en prenant en charge l\u2019ensemble des analyses techniques associ\u00e9es :\u00a0\u00bb font_container=\u00a0\u00bbtag:p|text_align:left\u00a0\u00bb use_theme_fonts=\u00a0\u00bbyes\u00a0\u00bb el_class=\u00a0\u00bbmb-4 pb-2&Prime;][vc_row_inner el_class=\u00a0\u00bbno-padding mx-0&Prime;][vc_column_inner width=\u00a0\u00bb1\/2&Prime;][vc_single_image image=\u00a0\u00bb5622&Prime; img_size=\u00a0\u00bb400&Prime; alignment=\u00a0\u00bbcenter\u00a0\u00bb style=\u00a0\u00bbvc_box_shadow_3d\u00a0\u00bb onclick=\u00a0\u00bbzoom\u00a0\u00bb css=\u00a0\u00bb\u00a0\u00bb label=\u00a0\u00bb\u00a0\u00bb][\/vc_column_inner][vc_column_inner width=\u00a0\u00bb1\/2&Prime;]<style>#porto-info-list152833984369e15c4d26341 i { color: #3baa35;font-size: 14px; }<\/style><ul id=\"porto-info-list152833984369e15c4d26341\" class=\"porto-info-list ml-4\"><li class=\"porto-info-list-item\"><i class=\"porto-info-icon Simple-Line-Icons-layers\"><\/i><div class=\"porto-info-list-item-desc\">Calcul des p\u00e9rim\u00e8tres de protection autour de tous types de captages (puits, drains, sources\u2026).<\/div><\/li><li class=\"porto-info-list-item\"><i class=\"porto-info-icon Simple-Line-Icons-layers\"><\/i><div class=\"porto-info-list-item-desc\">D\u00e9termination des p\u00e9rim\u00e8tres \u00e0 l\u2019aide d\u2019essais de tra\u00e7age et de mesures de vitesses de transfert dans les aquif\u00e8res.<\/div><\/li><li class=\"porto-info-list-item\"><i class=\"porto-info-icon Simple-Line-Icons-layers\"><\/i><div class=\"porto-info-list-item-desc\">Caract\u00e9risation des nappes aquif\u00e8res : type et param\u00e8tres hydrodynamiques (porosit\u00e9, perm\u00e9abilit\u00e9, transmissivit\u00e9, coefficient d\u2019emmagasinement\u2026).<\/div><\/li><li class=\"porto-info-list-item\"><i class=\"porto-info-icon Simple-Line-Icons-layers\"><\/i><div class=\"porto-info-list-item-desc\">Estimation des r\u00e9serves de la nappe aquif\u00e8re.<\/div><\/li><li class=\"porto-info-list-item\"><i class=\"porto-info-icon Simple-Line-Icons-layers\"><\/i><div class=\"porto-info-list-item-desc\">Calcul du d\u00e9bit optimal d\u2019exploitation pour un forage de captage d\u2019eau.<\/div><\/li><\/ul>[\/vc_column_inner][\/vc_row_inner][\/vc_column][\/vc_row]<\/p>\n<\/div>","protected":false},"excerpt":{"rendered":"<p>[vc_row][vc_column][vc_column_text css=\u00a0\u00bb\u00a0\u00bb]BUT G\u00e9ologie poss\u00e8de une expertise compl\u00e8te et un savoir-faire reconnu pour la mise en \u0153uvre de diverses applications pratiques en hydrologie et hydrog\u00e9ologie.[\/vc_column_text][vc_custom_heading text=\u00a0\u00bbLe bureau est sp\u00e9cialis\u00e9 dans les \u00e9tudes d\u2019implantation de captages et de pi\u00e9zom\u00e8tres, et met \u00e0 disposition une \u00e9quipe d\u00e9di\u00e9e \u00e0 l\u2019\u00e9laboration des cahiers des charges, notamment pour les projets de [&hellip;]<\/p>\n","protected":false},"author":3,"featured_media":0,"parent":0,"menu_order":0,"comment_status":"closed","ping_status":"closed","template":"","meta":{"inline_featured_image":false,"footnotes":""},"categories":[],"tags":[74,76,75,50,49],"etiquettes":[],"class_list":["post-5170","page","type-page","status-publish","hentry","tag-calcul-des-perimetres","tag-calcul-du-debit-dexploitation","tag-estimation-des-reserves","tag-hydrogeologie","tag-hydrologie"],"_links":{"self":[{"href":"https:\/\/www.butgeologie.tn\/fr\/wp-json\/wp\/v2\/pages\/5170","targetHints":{"allow":["GET"]}}],"collection":[{"href":"https:\/\/www.butgeologie.tn\/fr\/wp-json\/wp\/v2\/pages"}],"about":[{"href":"https:\/\/www.butgeologie.tn\/fr\/wp-json\/wp\/v2\/types\/page"}],"author":[{"embeddable":true,"href":"https:\/\/www.butgeologie.tn\/fr\/wp-json\/wp\/v2\/users\/3"}],"replies":[{"embeddable":true,"href":"https:\/\/www.butgeologie.tn\/fr\/wp-json\/wp\/v2\/comments?post=5170"}],"version-history":[{"count":3,"href":"https:\/\/www.butgeologie.tn\/fr\/wp-json\/wp\/v2\/pages\/5170\/revisions"}],"predecessor-version":[{"id":5625,"href":"https:\/\/www.butgeologie.tn\/fr\/wp-json\/wp\/v2\/pages\/5170\/revisions\/5625"}],"wp:attachment":[{"href":"https:\/\/www.butgeologie.tn\/fr\/wp-json\/wp\/v2\/media?parent=5170"}],"wp:term":[{"taxonomy":"category","embeddable":true,"href":"https:\/\/www.butgeologie.tn\/fr\/wp-json\/wp\/v2\/categories?post=5170"},{"taxonomy":"post_tag","embeddable":true,"href":"https:\/\/www.butgeologie.tn\/fr\/wp-json\/wp\/v2\/tags?post=5170"},{"taxonomy":"etiquettes","embeddable":true,"href":"https:\/\/www.butgeologie.tn\/fr\/wp-json\/wp\/v2\/etiquettes?post=5170"}],"curies":[{"name":"wp","href":"https:\/\/api.w.org\/{rel}","templated":true}]}}