{"id":5165,"date":"2025-05-13T12:24:47","date_gmt":"2025-05-13T11:24:47","guid":{"rendered":"https:\/\/www.butgeologie.tn\/?page_id=5165"},"modified":"2026-04-04T11:59:38","modified_gmt":"2026-04-04T10:59:38","slug":"geologie-de-terrain","status":"publish","type":"page","link":"https:\/\/www.butgeologie.tn\/fr\/geologie-de-terrain\/","title":{"rendered":"G\u00c9OLOGIE DE TERRAIN"},"content":{"rendered":"<div class=\"wpb-content-wrapper\"><p>[vc_row content_placement=\u00a0\u00bbmiddle\u00a0\u00bb text_align=\u00a0\u00bbcenter\u00a0\u00bb conditional_render=\u00a0\u00bb%5B%7B%22value_role%22%3A%22administrator%22%7D%5D\u00a0\u00bb][vc_column][\/vc_column][\/vc_row][vc_row][vc_column][vc_column_text css=\u00a0\u00bb\u00a0\u00bb css_params=\u00a0\u00bb\u00a0\u00bb]<strong>BUT G\u00e9ologie<\/strong> mobilise des experts sp\u00e9cialis\u00e9s dans l\u2019\u00e9tude approfondie du terrain prospect\u00e9. Nos interventions couvrent\u202f: la cartographie g\u00e9ologique, l\u2019analyse structurale, les travaux d\u2019\u00e9chantillonnage, la recherche de substances utiles, ainsi que la r\u00e9alisation et l\u2019interpr\u00e9tation des sondages carott\u00e9s pour \u00e9tablir des corr\u00e9lations pr\u00e9cises.[\/vc_column_text][vc_row_inner][vc_column_inner width=\u00a0\u00bb1\/2&Prime;][vc_images_carousel images=\u00a0\u00bb5491,1558,1526&Prime; img_size=\u00a0\u00bb540&Prime; onclick=\u00a0\u00bblink_no\u00a0\u00bb speed=\u00a0\u00bb2000&Prime; autoplay=\u00a0\u00bbyes\u00a0\u00bb hide_pagination_control=\u00a0\u00bbyes\u00a0\u00bb hide_prev_next_buttons=\u00a0\u00bbyes\u00a0\u00bb wrap=\u00a0\u00bbyes\u00a0\u00bb css_animation=\u00a0\u00bbfadeInDown\u00a0\u00bb css=\u00a0\u00bb\u00a0\u00bb][\/vc_column_inner][vc_column_inner width=\u00a0\u00bb1\/2&Prime;][vc_custom_heading text=\u00a0\u00bbL\u2019analyse des forages de reconnaissance compl\u00e8te les observations de terrain, offrant une compr\u00e9hension d\u00e9taill\u00e9e de la composition, de la structure et des propri\u00e9t\u00e9s du sous-sol.\u00a0\u00bb font_container=\u00a0\u00bbtag:p|text_align:left\u00a0\u00bb use_theme_fonts=\u00a0\u00bbyes\u00a0\u00bb font_weight=\u00a0\u00bb600&Prime; el_class=\u00a0\u00bbmb-4&Prime;][vc_custom_heading text=\u00a0\u00bbGr\u00e2ce \u00e0 cette approche int\u00e9gr\u00e9e, <strong>BUT G\u00e9ologie<\/strong> accompagne les projets miniers et les carri\u00e8res \u00e0 ciel ouvert, qu\u2019il s\u2019agisse de\u202f:\u00a0\u00bb font_container=\u00a0\u00bbtag:p|text_align:left\u00a0\u00bb use_theme_fonts=\u00a0\u00bbyes\u00a0\u00bb el_class=\u00a0\u00bbmb-4 pb-2&Prime; css_params=\u00a0\u00bb\u00a0\u00bb]<style>#porto-info-list98734371569e35a456a55b i { color: #3baa35;font-size: 18px; }<\/style><ul id=\"porto-info-list98734371569e35a456a55b\" class=\"porto-info-list \"><li class=\"porto-info-list-item\"><i class=\"porto-info-icon porto-icon-forward\"><\/i><div class=\"porto-info-list-item-desc\" style=\"font-size: 18px;\">La prospection et l\u2019identification de nouveaux sites,<\/div><\/li><li class=\"porto-info-list-item\"><i class=\"porto-info-icon porto-icon-forward\"><\/i><div class=\"porto-info-list-item-desc\" style=\"font-size: 18px;\">L\u2019optimisation ou l\u2019extension de carri\u00e8res existantes,<\/div><\/li><li class=\"porto-info-list-item\"><i class=\"porto-info-icon porto-icon-forward\"><\/i><div class=\"porto-info-list-item-desc\" style=\"font-size: 18px;\">La r\u00e9habilitation et la valorisation de sites abandonn\u00e9s.<\/div><\/li><\/ul>[vc_custom_heading text=\u00a0\u00bbNos principaux domaines d\u2019expertise\u202f:\u00a0\u00bb font_container=\u00a0\u00bbtag:p|text_align:left\u00a0\u00bb use_theme_fonts=\u00a0\u00bbyes\u00a0\u00bb el_class=\u00a0\u00bbmb-4 pb-2&Prime; css_params=\u00a0\u00bb\u00a0\u00bb]<style>#porto-info-list128678979769e35a456a8c9 i { color: #3baa35;font-size: 18px; }<\/style><ul id=\"porto-info-list128678979769e35a456a8c9\" class=\"porto-info-list \"><li class=\"porto-info-list-item\"><i class=\"porto-info-icon porto-icon-right-open\"><\/i><div class=\"porto-info-list-item-desc\" style=\"font-size: 18px;\">Cartographie g\u00e9ologique d\u00e9taill\u00e9e du terrain,<\/div><\/li><li class=\"porto-info-list-item\"><i class=\"porto-info-icon porto-icon-right-open\"><\/i><div class=\"porto-info-list-item-desc\" style=\"font-size: 18px;\">G\u00e9ologie structurale et analyse des formations,<\/div><\/li><li class=\"porto-info-list-item\"><i class=\"porto-info-icon porto-icon-right-open\"><\/i><div class=\"porto-info-list-item-desc\" style=\"font-size: 18px;\">Travaux d\u2019\u00e9chantillonnage pour caract\u00e9risation des sols,<\/div><\/li><li class=\"porto-info-list-item\"><i class=\"porto-info-icon porto-icon-right-open\"><\/i><div class=\"porto-info-list-item-desc\" style=\"font-size: 18px;\">Recherche et \u00e9valuation de substances utiles.<\/div><\/li><\/ul>[\/vc_column_inner][\/vc_row_inner][\/vc_column][\/vc_row]<\/p>\n<\/div>","protected":false},"excerpt":{"rendered":"<p>[vc_row content_placement=\u00a0\u00bbmiddle\u00a0\u00bb text_align=\u00a0\u00bbcenter\u00a0\u00bb conditional_render=\u00a0\u00bb%5B%7B%22value_role%22%3A%22administrator%22%7D%5D\u00a0\u00bb][vc_column][\/vc_column][\/vc_row][vc_row][vc_column][vc_column_text css=\u00a0\u00bb\u00a0\u00bb css_params=\u00a0\u00bb\u00a0\u00bb]BUT G\u00e9ologie mobilise des experts sp\u00e9cialis\u00e9s dans l\u2019\u00e9tude approfondie du terrain prospect\u00e9. Nos interventions couvrent\u202f: la cartographie g\u00e9ologique, l\u2019analyse structurale, les travaux d\u2019\u00e9chantillonnage, la recherche de substances utiles, ainsi que la r\u00e9alisation et l\u2019interpr\u00e9tation des sondages carott\u00e9s pour \u00e9tablir des corr\u00e9lations pr\u00e9cises.[\/vc_column_text][vc_row_inner][vc_column_inner width=\u00a0\u00bb1\/2&Prime;][vc_images_carousel images=\u00a0\u00bb5491,1558,1526&Prime; img_size=\u00a0\u00bb540&Prime; onclick=\u00a0\u00bblink_no\u00a0\u00bb speed=\u00a0\u00bb2000&Prime; autoplay=\u00a0\u00bbyes\u00a0\u00bb hide_pagination_control=\u00a0\u00bbyes\u00a0\u00bb hide_prev_next_buttons=\u00a0\u00bbyes\u00a0\u00bb [&hellip;]<\/p>\n","protected":false},"author":3,"featured_media":0,"parent":0,"menu_order":0,"comment_status":"closed","ping_status":"closed","template":"","meta":{"inline_featured_image":false,"footnotes":""},"categories":[],"tags":[70,71,73,72],"etiquettes":[],"class_list":["post-5165","page","type-page","status-publish","hentry","tag-cartographie-du-terrain","tag-geologie-structurale","tag-recherche-de-substances-utiles","tag-travaux-dechantillonnage"],"_links":{"self":[{"href":"https:\/\/www.butgeologie.tn\/fr\/wp-json\/wp\/v2\/pages\/5165","targetHints":{"allow":["GET"]}}],"collection":[{"href":"https:\/\/www.butgeologie.tn\/fr\/wp-json\/wp\/v2\/pages"}],"about":[{"href":"https:\/\/www.butgeologie.tn\/fr\/wp-json\/wp\/v2\/types\/page"}],"author":[{"embeddable":true,"href":"https:\/\/www.butgeologie.tn\/fr\/wp-json\/wp\/v2\/users\/3"}],"replies":[{"embeddable":true,"href":"https:\/\/www.butgeologie.tn\/fr\/wp-json\/wp\/v2\/comments?post=5165"}],"version-history":[{"count":6,"href":"https:\/\/www.butgeologie.tn\/fr\/wp-json\/wp\/v2\/pages\/5165\/revisions"}],"predecessor-version":[{"id":5580,"href":"https:\/\/www.butgeologie.tn\/fr\/wp-json\/wp\/v2\/pages\/5165\/revisions\/5580"}],"wp:attachment":[{"href":"https:\/\/www.butgeologie.tn\/fr\/wp-json\/wp\/v2\/media?parent=5165"}],"wp:term":[{"taxonomy":"category","embeddable":true,"href":"https:\/\/www.butgeologie.tn\/fr\/wp-json\/wp\/v2\/categories?post=5165"},{"taxonomy":"post_tag","embeddable":true,"href":"https:\/\/www.butgeologie.tn\/fr\/wp-json\/wp\/v2\/tags?post=5165"},{"taxonomy":"etiquettes","embeddable":true,"href":"https:\/\/www.butgeologie.tn\/fr\/wp-json\/wp\/v2\/etiquettes?post=5165"}],"curies":[{"name":"wp","href":"https:\/\/api.w.org\/{rel}","templated":true}]}}