{"id":5160,"date":"2025-05-13T12:22:01","date_gmt":"2025-05-13T11:22:01","guid":{"rendered":"https:\/\/www.butgeologie.tn\/?page_id=5160"},"modified":"2026-04-04T11:50:06","modified_gmt":"2026-04-04T10:50:06","slug":"exploitation-des-mines-et-des-carrieres","status":"publish","type":"page","link":"https:\/\/www.butgeologie.tn\/fr\/exploitation-des-mines-et-des-carrieres\/","title":{"rendered":"EXPLOITATION DES MINES ET DES CARRI\u00c8RES"},"content":{"rendered":"<div class=\"wpb-content-wrapper\"><p>[vc_row full_width_css=\u00a0\u00bbstretch_row_css\u00a0\u00bb wrap_container=\u00a0\u00bbyes\u00a0\u00bb no_padding=\u00a0\u00bbyes\u00a0\u00bb full_height=\u00a0\u00bbyes\u00a0\u00bb equal_height=\u00a0\u00bbyes\u00a0\u00bb content_placement=\u00a0\u00bbmiddle\u00a0\u00bb text_align=\u00a0\u00bbcenter\u00a0\u00bb css=\u00a0\u00bb.vc_custom_1747817918606{margin-right: 20px !important;margin-left: 20px !important;}\u00a0\u00bb conditional_render=\u00a0\u00bb%5B%7B%22value_role%22%3A%22administrator%22%7D%5D\u00a0\u00bb css_params=\u00a0\u00bb\u00a0\u00bb][vc_column video_bg=\u00a0\u00bbyes\u00a0\u00bb video_bg_url=\u00a0\u00bbhttps:\/\/youtu.be\/vO_zj_6TXvM\u00a0\u00bb video_bg_parallax=\u00a0\u00bbcontent-moving\u00a0\u00bb text_align=\u00a0\u00bbcenter\u00a0\u00bb conditional_render=\u00a0\u00bb%5B%7B%22value_role%22%3A%22administrator%22%7D%5D\u00a0\u00bb css=\u00a0\u00bb.vc_custom_1747589288764{margin-right: 20px !important;margin-left: 20px !important;}\u00a0\u00bb][vc_column_text css=\u00a0\u00bb\u00a0\u00bb css_params=\u00a0\u00bb\u00a0\u00bb]<\/p>\n<table class=\"wp-list-table widefat fixed striped table-view-excerpt posts aligncenter\">\n<tbody id=\"the-list\">\n<tr id=\"post-5323\" class=\"iedit author-self level-0 post-5323 type-pp_video_block status-publish hentry\">\n<td class=\"shortcode column-shortcode\" data-colname=\"Shortcode\"><code>\n<div class=\"wp-block-presto-player-reusable-edit\"><!--presto-player:video_id=6--><figure class=\"wp-block-video presto-block-video  presto-provider-self-hosted\" style=\"--plyr-color-main: var(--presto-player-highlight-color, #00b3ff); --presto-player-logo-width: 150px; \">\n\t<presto-player \n\t\tpreset='{&quot;id&quot;:3,&quot;name&quot;:&quot;Simple&quot;,&quot;slug&quot;:&quot;simple&quot;,&quot;icon&quot;:&quot;video-alt3&quot;,&quot;skin&quot;:&quot;modern&quot;,&quot;play-large&quot;:true,&quot;rewind&quot;:false,&quot;play&quot;:true,&quot;fast-forward&quot;:false,&quot;progress&quot;:true,&quot;current-time&quot;:false,&quot;mute&quot;:false,&quot;volume&quot;:false,&quot;speed&quot;:false,&quot;pip&quot;:false,&quot;fullscreen&quot;:true,&quot;captions&quot;:false,&quot;reset_on_end&quot;:true,&quot;auto_hide&quot;:true,&quot;show_time_elapsed&quot;:false,&quot;captions_enabled&quot;:false,&quot;save_player_position&quot;:false,&quot;sticky_scroll&quot;:false,&quot;sticky_scroll_position&quot;:&quot;bottom right&quot;,&quot;on_video_end&quot;:&quot;select&quot;,&quot;play_video_viewport&quot;:false,&quot;hide_youtube&quot;:true,&quot;lazy_load_youtube&quot;:false,&quot;hide_logo&quot;:false,&quot;border_radius&quot;:0,&quot;caption_style&quot;:&quot;&quot;,&quot;caption_background&quot;:&quot;&quot;,&quot;is_locked&quot;:true,&quot;cta&quot;:[&quot;&quot;],&quot;watermark&quot;:[&quot;&quot;],&quot;search&quot;:[&quot;&quot;],&quot;email_collection&quot;:[&quot;&quot;],&quot;action_bar&quot;:[&quot;&quot;],&quot;created_by&quot;:3,&quot;created_at&quot;:&quot;2025-05-21 08:42:23&quot;,&quot;updated_at&quot;:&quot;2025-05-21 08:42:23&quot;,&quot;deleted_at&quot;:&quot;&quot;}'\n\t\tbranding='{&quot;logo&quot;:&quot;&quot;,&quot;color&quot;:&quot;#00b3ff&quot;,&quot;logo_width&quot;:150,&quot;player_css&quot;:&quot;&quot;}'\n\t\tchapters='[]'\n\t\toverlays='[]'\n\t\ttracks='[]'\n\t\tblock-attributes='{&quot;playsInline&quot;:true,&quot;autoplay&quot;:true,&quot;id&quot;:6,&quot;attachment_id&quot;:5321,&quot;src&quot;:&quot;https:\\\/\\\/www.butgeologie.tn\\\/wp-content\\\/uploads\\\/2025\\\/05\\\/Mine-Development-Planning.mp4&quot;,&quot;preset&quot;:3,&quot;visibility&quot;:&quot;public&quot;,&quot;color&quot;:&quot;#00b3ff&quot;,&quot;mutedPreview&quot;:{&quot;enabled&quot;:false,&quot;captions&quot;:false},&quot;mutedOverlay&quot;:{&quot;enabled&quot;:false,&quot;src&quot;:&quot;&quot;,&quot;width&quot;:200,&quot;focalPoint&quot;:{&quot;x&quot;:0.5,&quot;y&quot;:0.5}},&quot;mutedOverlayType&quot;:&quot;text&quot;,&quot;mutedOverlayText&quot;:&quot;Click to play&quot;,&quot;mutedOverlayImageWidth&quot;:200,&quot;chapters&quot;:[],&quot;overlays&quot;:[],&quot;tracks&quot;:[],&quot;title&quot;:&quot;Mine Development Planning&quot;}'\n\t\tanalytics=''\n\t\tautomations\t\tprovider='self-hosted'\n\t\t\t\tid=\"presto-player-1\"\n\t\tsrc=\"https:\/\/www.butgeologie.tn\/wp-content\/uploads\/2025\/05\/Mine-Development-Planning.mp4\"\n\t\tmedia-title=\"Mine Development Planning\"\n\t\tcss=\"\"\n\t\tclass=\"presto-video-id-6 presto-preset-id-3 skin-modern\"\n\t\tskin=\"modern\" \n\t\ticon-url=\"https:\/\/www.butgeologie.tn\/wp-content\/plugins\/presto-player\/img\/sprite.svg\" \n\t\tpreload=\"\" \n\t\tposter=\"\"\n\t\tyoutube=\"{&quot;noCookie&quot;:false,&quot;channelId&quot;:&quot;&quot;,&quot;show_count&quot;:false}\"\n\t\tprovider-video-id=\"\"\n\t\tvideo-id=\"6\"\n\t\t\t\tvideo-attributes='{}'\n\t\tplaysinline\t\tautoplay\t\t>\n\t\t            <video controls preload=\"none\">\n            <source src=\"https:\/\/www.butgeologie.tn\/wp-content\/uploads\/2025\/05\/Mine-Development-Planning.mp4\" \/>\n        <\/video>\n    \n\n\t<\/presto-player>\n<\/figure><\/div>\n<\/code><\/td>\n<td class=\"date column-date\" style=\"text-align: center;\" data-colname=\"Date\"><\/td>\n<\/tr>\n<\/tbody>\n<\/table>\n<p>[\/vc_column_text][\/vc_column][\/vc_row][vc_row][vc_column][vc_column_text]Fort de son\u00a0<strong>potentiel en G\u00e9osciences<\/strong>, <strong>\u00ab\u00a0BUT G\u00e9ologie\u00a0\u00bb<\/strong> propose des prestations dans le domaine des mines et des carri\u00e8res avec des approches technico-\u00e9conomiques innovantes et promotrices.[\/vc_column_text][vc_row_inner gap=\u00a0\u00bb20&Prime; content_placement=\u00a0\u00bbtop\u00a0\u00bb el_class=\u00a0\u00bbno-padding mx-0&Prime; css=\u00a0\u00bb.vc_custom_1728900164886{margin-right: 30px !important;margin-left: 30px !important;}\u00a0\u00bb el_id=\u00a0\u00bbmining\u00a0\u00bb][vc_column_inner width=\u00a0\u00bb1\/2&Prime;][vc_images_carousel images=\u00a0\u00bb5557,1520,1541&Prime; img_size=\u00a0\u00bb540&Prime; onclick=\u00a0\u00bblink_no\u00a0\u00bb speed=\u00a0\u00bb2500&Prime; autoplay=\u00a0\u00bbyes\u00a0\u00bb hide_pagination_control=\u00a0\u00bbyes\u00a0\u00bb hide_prev_next_buttons=\u00a0\u00bbyes\u00a0\u00bb wrap=\u00a0\u00bbyes\u00a0\u00bb css_animation=\u00a0\u00bbfadeIn\u00a0\u00bb css=\u00a0\u00bb\u00a0\u00bb][vc_custom_heading text=\u00a0\u00bbExploration mini\u00e8re tactique et strat\u00e9gique\u00a0\u00bb font_container=\u00a0\u00bbtag:h4|text_align:left|color:%23ffffff\u00a0\u00bb use_theme_fonts=\u00a0\u00bbyes\u00a0\u00bb css=\u00a0\u00bb.vc_custom_1775298148828{padding-top: 12px !important;padding-bottom: 12px !important;padding-left: 10px !important;background-color: #2b5577 !important;border-radius: 4px !important;}\u00a0\u00bb el_class=\u00a0\u00bbmr-3&Prime; css_params=\u00a0\u00bb\u00a0\u00bb]<style>#porto-info-list17596200966a0592c5a8e67 i { color: #3baa35; }<\/style><ul id=\"porto-info-list17596200966a0592c5a8e67\" class=\"porto-info-list \"><li class=\"porto-info-list-item\"><i class=\"porto-info-icon Simple-Line-Icons-arrow-right-circle\"><\/i><div class=\"porto-info-list-item-desc\">\u00c9laboration de synth\u00e8ses g\u00e9ologiques et m\u00e9tallog\u00e9niques \u00e0 l\u2019\u00e9chelle r\u00e9gionale ou nationale, accompagn\u00e9es de cartographies th\u00e9matiques int\u00e9gr\u00e9es avec SIG.<\/div><\/li><li class=\"porto-info-list-item\"><i class=\"porto-info-icon Simple-Line-Icons-arrow-right-circle\"><\/i><div class=\"porto-info-list-item-desc\">Identification et \u00e9valuation des cibles potentielles, incluant les s\u00e9diments fluviaux et l\u2019analyse g\u00e9ochimique des sols.<\/div><\/li><li class=\"porto-info-list-item\"><i class=\"porto-info-icon Simple-Line-Icons-arrow-right-circle\"><\/i><div class=\"porto-info-list-item-desc\">Planification, r\u00e9alisation et suivi des campagnes de sondages de reconnaissance, ainsi que des \u00e9tudes g\u00e9ophysiques et g\u00e9ochimiques.<\/div><\/li><li class=\"porto-info-list-item\"><i class=\"porto-info-icon Simple-Line-Icons-arrow-right-circle\"><\/i><div class=\"porto-info-list-item-desc\">Corr\u00e9lation et interpr\u00e9tation rigoureuse des donn\u00e9es pour guider la prise de d\u00e9cision et l\u2019orientation des programmes d\u2019exploration.<\/div><\/li><\/ul>[vc_custom_heading text=\u00a0\u00bb\u00c9tudes de pr\u00e9-faisabilit\u00e9\u00a0\u00bb font_container=\u00a0\u00bbtag:h4|text_align:left|color:%23ffffff\u00a0\u00bb use_theme_fonts=\u00a0\u00bbyes\u00a0\u00bb css=\u00a0\u00bb.vc_custom_1775298242459{padding-top: 12px !important;padding-bottom: 12px !important;padding-left: 10px !important;background-color: #2b5577 !important;border-radius: 4px !important;}\u00a0\u00bb el_class=\u00a0\u00bbmr-3&Prime;]<style>#porto-info-list7055810766a0592c5a9179 i { color: #3baa35; }<\/style><ul id=\"porto-info-list7055810766a0592c5a9179\" class=\"porto-info-list \"><li class=\"porto-info-list-item\"><i class=\"porto-info-icon Simple-Line-Icons-arrow-right-circle\"><\/i><div class=\"porto-info-list-item-desc\">R\u00e9alisation d\u2019\u00e9tudes techniques et \u00e9conomiques pour diff\u00e9rents projets d\u2019exploitation et de traitement.<\/div><\/li><li class=\"porto-info-list-item\"><i class=\"porto-info-icon Simple-Line-Icons-arrow-right-circle\"><\/i><div class=\"porto-info-list-item-desc\">\u00c9valuation locale des r\u00e9serves et quantification des ressources disponibles.<\/div><\/li><li class=\"porto-info-list-item\"><i class=\"porto-info-icon Simple-Line-Icons-arrow-right-circle\"><\/i><div class=\"porto-info-list-item-desc\">Analyse de faisabilit\u00e9 environnementale int\u00e9grant les aspects hydrauliques, hydrog\u00e9ologiques, \u00e9cologiques et socio-\u00e9conomiques, ainsi que les \u00e9tudes g\u00e9otechniques.<\/div><\/li><\/ul>[\/vc_column_inner][vc_column_inner width=\u00a0\u00bb1\/2&Prime;][vc_custom_heading text=\u00a0\u00bbR\u00e9glementation et gestion technique des carri\u00e8res\u00a0\u00bb font_container=\u00a0\u00bbtag:h4|text_align:left|color:%23ffffff\u00a0\u00bb use_theme_fonts=\u00a0\u00bbyes\u00a0\u00bb css=\u00a0\u00bb.vc_custom_1775297395951{padding-top: 12px !important;padding-bottom: 12px !important;padding-left: 10px !important;background-color: #2b5577 !important;border-radius: 4px !important;}\u00a0\u00bb el_class=\u00a0\u00bbmr-3&Prime; css_params=\u00a0\u00bb\u00a0\u00bb]<style>#porto-info-list13809205896a0592c5a92e5 i { color: #3baa35; }<\/style><ul id=\"porto-info-list13809205896a0592c5a92e5\" class=\"porto-info-list \"><li class=\"porto-info-list-item\"><i class=\"porto-info-icon Simple-Line-Icons-arrow-right-circle\"><\/i><div class=\"porto-info-list-item-desc\">Expertise dans l\u2019application de la r\u00e9glementation tunisienne relative aux permis d\u2019exploration et d\u2019exploitation mini\u00e8re, ainsi que dans l\u2019accompagnement de l\u2019\u00e9volution r\u00e9glementaire.<\/div><\/li><li class=\"porto-info-list-item\"><i class=\"porto-info-icon Simple-Line-Icons-arrow-right-circle\"><\/i><div class=\"porto-info-list-item-desc\">Assistance et suivi complet des proc\u00e9dures administratives pour l\u2019obtention de permis d\u2019exploration, d\u2019exploitation et des autorisations associ\u00e9es, incluant la pr\u00e9paration des dossiers et l\u2019\u00e9laboration des engagements requis.<\/div><\/li><li class=\"porto-info-list-item\"><i class=\"porto-info-icon Simple-Line-Icons-arrow-right-circle\"><\/i><div class=\"porto-info-list-item-desc\">\u00c9laboration et optimisation des plans d\u2019exploitation et des m\u00e9thodes de travail conformes aux normes locales, ainsi que la planification des am\u00e9nagements et des programmes de r\u00e9habilitation pour divers types de carri\u00e8res (granulats, sables, gypses, granites, etc.).<\/div><\/li><li class=\"porto-info-list-item\"><i class=\"porto-info-icon Simple-Line-Icons-arrow-right-circle\"><\/i><div class=\"porto-info-list-item-desc\">Conseil technique pour le choix des \u00e9quipements, engins m\u00e9caniques, stations de concassage et de criblage, et unit\u00e9s de traitement de sables siliceux, en fonction des caract\u00e9ristiques des carri\u00e8res, des r\u00e9serves g\u00e9ologiques et des besoins des exploitants.<\/div><\/li><li class=\"porto-info-list-item\"><i class=\"porto-info-icon Simple-Line-Icons-arrow-right-circle\"><\/i><div class=\"porto-info-list-item-desc\">R\u00e9alisation de prospections g\u00e9ologiques pour identifier et proposer des sites \u00e0 potentiel minier, incluant les carbonates de calcium, sables siliceux, argiles et pierres marbri\u00e8res.<\/div><\/li><li class=\"porto-info-list-item\"><i class=\"porto-info-icon Simple-Line-Icons-arrow-right-circle\"><\/i><div class=\"porto-info-list-item-desc\">Supervision de la conception et de la mise en \u0153uvre de plans de tir et autres \u00e9tudes techniques et environnementales.<\/div><\/li><\/ul>[vc_custom_heading text=\u00a0\u00bbReconnaissance g\u00e9ologique et gestion des ressources mini\u00e8res\u00a0\u00bb font_container=\u00a0\u00bbtag:h4|text_align:left|color:%23ffffff\u00a0\u00bb use_theme_fonts=\u00a0\u00bbyes\u00a0\u00bb css=\u00a0\u00bb.vc_custom_1775297495916{padding-top: 12px !important;padding-bottom: 12px !important;padding-left: 10px !important;background-color: #2b5577 !important;border-radius: 4px !important;}\u00a0\u00bb el_class=\u00a0\u00bbmr-3&Prime;]<style>#porto-info-list2915347086a0592c5a9548 i { color: #3baa35; }<\/style><ul id=\"porto-info-list2915347086a0592c5a9548\" class=\"porto-info-list \"><li class=\"porto-info-list-item\"><i class=\"porto-info-icon Simple-Line-Icons-arrow-right-circle\"><\/i><div class=\"porto-info-list-item-desc\">R\u00e9alisation de la reconnaissance et de l\u2019\u00e9valuation des r\u00e9serves selon la qualit\u00e9 des gisements.<\/div><\/li><li class=\"porto-info-list-item\"><i class=\"porto-info-icon Simple-Line-Icons-arrow-right-circle\"><\/i><div class=\"porto-info-list-item-desc\">Suivi des campagnes de sondages et mod\u00e9lisation g\u00e9ologique 3D \u00e0 l\u2019aide des logiciels de mod\u00e9lisation (GEOVIA SURPAC &amp; LEAPFROG GEO) pour une estimation pr\u00e9cise des ressources et r\u00e9serves.<\/div><\/li><li class=\"porto-info-list-item\"><i class=\"porto-info-icon Simple-Line-Icons-arrow-right-circle\"><\/i><div class=\"porto-info-list-item-desc\">Application de m\u00e9thodes de g\u00e9ostatistique mini\u00e8re pour optimiser l\u2019\u00e9valuation et la planification des projets d\u2019exploitation.<\/div><\/li><li class=\"porto-info-list-item\"><i class=\"porto-info-icon Simple-Line-Icons-arrow-right-circle\"><\/i><div class=\"porto-info-list-item-desc\">Conception de projets miniers int\u00e9grant la mod\u00e9lisation 3D \u00e0 l\u2019aide des logiciels de mod\u00e9lisation (GEOVIA SURPAC &amp; LEAPFROG GEO), la planification des flowsheets miniers et la min\u00e9ralurgie, y compris les flowsheets de traitement.<\/div><\/li><li class=\"porto-info-list-item\"><i class=\"porto-info-icon Simple-Line-Icons-arrow-right-circle\"><\/i><div class=\"porto-info-list-item-desc\">Estimation d\u00e9taill\u00e9e des co\u00fbts li\u00e9s aux op\u00e9rations mini\u00e8res.<\/div><\/li><li class=\"porto-info-list-item\"><i class=\"porto-info-icon Simple-Line-Icons-arrow-right-circle\"><\/i><div class=\"porto-info-list-item-desc\">Assistance technique et gestion compl\u00e8te des sites d\u2019exploitation, incluant la supervision des travaux de forage, de minage et des op\u00e9rations connexes.<\/div><\/li><\/ul>[\/vc_column_inner][\/vc_row_inner][\/vc_column][\/vc_row]<\/p>\n<\/div>","protected":false},"excerpt":{"rendered":"<p>[vc_row full_width_css=\u00a0\u00bbstretch_row_css\u00a0\u00bb wrap_container=\u00a0\u00bbyes\u00a0\u00bb no_padding=\u00a0\u00bbyes\u00a0\u00bb full_height=\u00a0\u00bbyes\u00a0\u00bb equal_height=\u00a0\u00bbyes\u00a0\u00bb content_placement=\u00a0\u00bbmiddle\u00a0\u00bb text_align=\u00a0\u00bbcenter\u00a0\u00bb css=\u00a0\u00bb.vc_custom_1747817918606{margin-right: 20px !important;margin-left: 20px !important;}\u00a0\u00bb conditional_render=\u00a0\u00bb%5B%7B%22value_role%22%3A%22administrator%22%7D%5D\u00a0\u00bb css_params=\u00a0\u00bb\u00a0\u00bb][vc_column video_bg=\u00a0\u00bbyes\u00a0\u00bb video_bg_url=\u00a0\u00bbhttps:\/\/youtu.be\/vO_zj_6TXvM\u00a0\u00bb video_bg_parallax=\u00a0\u00bbcontent-moving\u00a0\u00bb text_align=\u00a0\u00bbcenter\u00a0\u00bb conditional_render=\u00a0\u00bb%5B%7B%22value_role%22%3A%22administrator%22%7D%5D\u00a0\u00bb css=\u00a0\u00bb.vc_custom_1747589288764{margin-right: 20px !important;margin-left: 20px !important;}\u00a0\u00bb][vc_column_text css=\u00a0\u00bb\u00a0\u00bb css_params=\u00a0\u00bb\u00a0\u00bb] [\/vc_column_text][\/vc_column][\/vc_row][vc_row][vc_column][vc_column_text]Fort de son\u00a0potentiel en G\u00e9osciences, \u00ab\u00a0BUT G\u00e9ologie\u00a0\u00bb propose des prestations dans le domaine des mines et des carri\u00e8res avec des approches technico-\u00e9conomiques innovantes et promotrices.[\/vc_column_text][vc_row_inner gap=\u00a0\u00bb20&Prime; content_placement=\u00a0\u00bbtop\u00a0\u00bb el_class=\u00a0\u00bbno-padding [&hellip;]<\/p>\n","protected":false},"author":3,"featured_media":0,"parent":0,"menu_order":0,"comment_status":"closed","ping_status":"closed","template":"","meta":{"inline_featured_image":false,"footnotes":""},"categories":[],"tags":[88,42,26,51,50],"etiquettes":[],"class_list":["post-5160","page","type-page","status-publish","hentry","tag-cartographie-thematique","tag-environnement","tag-evaluation-des-ressources","tag-geotechnique","tag-hydrogeologie"],"_links":{"self":[{"href":"https:\/\/www.butgeologie.tn\/fr\/wp-json\/wp\/v2\/pages\/5160","targetHints":{"allow":["GET"]}}],"collection":[{"href":"https:\/\/www.butgeologie.tn\/fr\/wp-json\/wp\/v2\/pages"}],"about":[{"href":"https:\/\/www.butgeologie.tn\/fr\/wp-json\/wp\/v2\/types\/page"}],"author":[{"embeddable":true,"href":"https:\/\/www.butgeologie.tn\/fr\/wp-json\/wp\/v2\/users\/3"}],"replies":[{"embeddable":true,"href":"https:\/\/www.butgeologie.tn\/fr\/wp-json\/wp\/v2\/comments?post=5160"}],"version-history":[{"count":14,"href":"https:\/\/www.butgeologie.tn\/fr\/wp-json\/wp\/v2\/pages\/5160\/revisions"}],"predecessor-version":[{"id":5568,"href":"https:\/\/www.butgeologie.tn\/fr\/wp-json\/wp\/v2\/pages\/5160\/revisions\/5568"}],"wp:attachment":[{"href":"https:\/\/www.butgeologie.tn\/fr\/wp-json\/wp\/v2\/media?parent=5160"}],"wp:term":[{"taxonomy":"category","embeddable":true,"href":"https:\/\/www.butgeologie.tn\/fr\/wp-json\/wp\/v2\/categories?post=5160"},{"taxonomy":"post_tag","embeddable":true,"href":"https:\/\/www.butgeologie.tn\/fr\/wp-json\/wp\/v2\/tags?post=5160"},{"taxonomy":"etiquettes","embeddable":true,"href":"https:\/\/www.butgeologie.tn\/fr\/wp-json\/wp\/v2\/etiquettes?post=5160"}],"curies":[{"name":"wp","href":"https:\/\/api.w.org\/{rel}","templated":true}]}}